{"id":3198,"date":"2023-08-10T20:13:49","date_gmt":"2023-08-10T19:13:49","guid":{"rendered":"http:\/\/www.kapap-czech.cz\/?page_id=3198"},"modified":"2024-01-07T20:47:45","modified_gmt":"2024-01-07T19:47:45","slug":"registrace-cvicence","status":"publish","type":"page","link":"http:\/\/www.kapap-czech.cz\/?page_id=3198","title":{"rendered":"REGISTRACE CVI\u010cENCE"},"content":{"rendered":"\t\t<div data-elementor-type=\"wp-page\" data-elementor-id=\"3198\" class=\"elementor elementor-3198\" data-elementor-settings=\"[]\">\n\t\t\t\t\t\t<div class=\"elementor-inner\">\n\t\t\t\t\t\t\t<div class=\"elementor-section-wrap\">\n\t\t\t\t\t\t\t<section class=\"elementor-section elementor-top-section elementor-element elementor-element-97e7c52 elementor-section-boxed elementor-section-height-default elementor-section-height-default\" data-id=\"97e7c52\" data-element_type=\"section\">\n\t\t\t\t\t\t<div class=\"elementor-container elementor-column-gap-default\">\n\t\t\t\t\t\t\t<div class=\"elementor-row\">\n\t\t\t\t\t<div class=\"elementor-column elementor-col-100 elementor-top-column elementor-element elementor-element-f25f897\" data-id=\"f25f897\" data-element_type=\"column\">\n\t\t\t<div class=\"elementor-column-wrap elementor-element-populated\">\n\t\t\t\t\t\t\t<div class=\"elementor-widget-wrap\">\n\t\t\t\t\t\t<div class=\"elementor-element elementor-element-d73d484 elementor-widget elementor-widget-text-editor\" data-id=\"d73d484\" data-element_type=\"widget\" data-widget_type=\"text-editor.default\">\n\t\t\t\t<div class=\"elementor-widget-container\">\n\t\t\t\t\t\t\t\t<div class=\"elementor-text-editor elementor-clearfix\">\n\t\t\t\t<p><span style=\"font-weight: bold;\"><a href=\"https:\/\/kapapczech.dtap.cz\/register\/?link=3\" target=\"_blank\" rel=\"noopener\">REGISTRACE \u0158\u00c1DN\u00c9HO \u010cLENA \u2013 ML\u00c1DE\u017d A DOSP\u011aL\u00cd (star\u0161\u00ed 13 let)<\/a><\/span><\/p><p><span style=\"font-weight: bold;\">\u00a0<\/span>\u00a0\u2013 Ml\u00e1de\u017e do 18 let mus\u00ed odevzdat\u00a0 vyti\u0161t\u011bnou p\u0159ihl\u00e1\u0161ku (k vyzvednut\u00ed u tren\u00e9ra)<\/p><p><a style=\"background-color: #ffffff; font-size: 1rem;\" href=\"https:\/\/kapapczech.dtap.cz\/register\/?link=1\" target=\"_blank\" rel=\"noopener\"><span style=\"font-weight: bold;\">REGISTRACE \u0158\u00c1DN\u00c9HO \u010cLENA \u2013 KAPAP KIDS \u2013 D\u011aTI (3- 14let<\/span>)<\/a><span style=\"font-size: 1rem;\">\u00a0<\/span><\/p><p><span style=\"font-size: 1rem;\">\u2013 u d\u011bt\u00ed\u00a0 je nutn\u00e9 odevzdat podepsanou vyti\u0161t\u011bnou p\u0159ihl\u00e1\u0161ku, kterou dostanete od tren\u00e9ra na tr\u00e9ninku<\/span><\/p>\t\t\t\t\t<\/div>\n\t\t\t\t\t\t<\/div>\n\t\t\t\t<\/div>\n\t\t\t\t\t\t<\/div>\n\t\t\t\t\t<\/div>\n\t\t<\/div>\n\t\t\t\t\t\t\t\t<\/div>\n\t\t\t\t\t<\/div>\n\t\t<\/section>\n\t\t\t\t<section class=\"elementor-section elementor-top-section elementor-element elementor-element-9bad50a elementor-section-boxed elementor-section-height-default elementor-section-height-default\" data-id=\"9bad50a\" data-element_type=\"section\">\n\t\t\t\t\t\t<div class=\"elementor-container elementor-column-gap-default\">\n\t\t\t\t\t\t\t<div class=\"elementor-row\">\n\t\t\t\t\t<div class=\"elementor-column elementor-col-100 elementor-top-column elementor-element elementor-element-bc72ee9\" data-id=\"bc72ee9\" data-element_type=\"column\">\n\t\t\t<div class=\"elementor-column-wrap\">\n\t\t\t\t\t\t\t<div class=\"elementor-widget-wrap\">\n\t\t\t\t\t\t\t\t<\/div>\n\t\t\t\t\t<\/div>\n\t\t<\/div>\n\t\t\t\t\t\t\t\t<\/div>\n\t\t\t\t\t<\/div>\n\t\t<\/section>\n\t\t\t\t\t\t<\/div>\n\t\t\t\t\t\t<\/div>\n\t\t\t\t\t<\/div>\n\t\t","protected":false},"excerpt":{"rendered":"<p>REGISTRACE \u0158\u00c1DN\u00c9HO \u010cLENA \u2013 ML\u00c1DE\u017d A DOSP\u011aL\u00cd (star\u0161\u00ed 13 let) \u00a0\u00a0\u2013 Ml\u00e1de\u017e do 18 let mus\u00ed odevzdat\u00a0 vyti\u0161t\u011bnou p\u0159ihl\u00e1\u0161ku (k vyzvednut\u00ed u tren\u00e9ra) REGISTRACE \u0158\u00c1DN\u00c9HO \u010cLENA \u2013 KAPAP KIDS \u2013 D\u011aTI (3- 14let)\u00a0 \u2013 u d\u011bt\u00ed\u00a0 je nutn\u00e9 odevzdat podepsanou vyti\u0161t\u011bnou p\u0159ihl\u00e1\u0161ku, kterou dostanete od tren\u00e9ra na tr\u00e9ninku<\/p>\n","protected":false},"author":1,"featured_media":0,"parent":0,"menu_order":0,"comment_status":"closed","ping_status":"closed","template":"elementor_header_footer","meta":[],"aioseo_notices":[],"_links":{"self":[{"href":"http:\/\/www.kapap-czech.cz\/index.php?rest_route=\/wp\/v2\/pages\/3198"}],"collection":[{"href":"http:\/\/www.kapap-czech.cz\/index.php?rest_route=\/wp\/v2\/pages"}],"about":[{"href":"http:\/\/www.kapap-czech.cz\/index.php?rest_route=\/wp\/v2\/types\/page"}],"author":[{"embeddable":true,"href":"http:\/\/www.kapap-czech.cz\/index.php?rest_route=\/wp\/v2\/users\/1"}],"replies":[{"embeddable":true,"href":"http:\/\/www.kapap-czech.cz\/index.php?rest_route=%2Fwp%2Fv2%2Fcomments&post=3198"}],"version-history":[{"count":30,"href":"http:\/\/www.kapap-czech.cz\/index.php?rest_route=\/wp\/v2\/pages\/3198\/revisions"}],"predecessor-version":[{"id":3697,"href":"http:\/\/www.kapap-czech.cz\/index.php?rest_route=\/wp\/v2\/pages\/3198\/revisions\/3697"}],"wp:attachment":[{"href":"http:\/\/www.kapap-czech.cz\/index.php?rest_route=%2Fwp%2Fv2%2Fmedia&parent=3198"}],"curies":[{"name":"wp","href":"https:\/\/api.w.org\/{rel}","templated":true}]}}