{"id":35,"date":"2018-05-30T08:49:17","date_gmt":"2018-05-30T08:49:17","guid":{"rendered":"http:\/\/blog.kapap-czech.cz\/?page_id=35"},"modified":"2021-08-03T18:57:20","modified_gmt":"2021-08-03T17:57:20","slug":"faq-kapap","status":"publish","type":"page","link":"http:\/\/www.kapap-czech.cz\/?page_id=35","title":{"rendered":"FAQ KAPAP"},"content":{"rendered":"\t\t<div data-elementor-type=\"wp-post\" data-elementor-id=\"35\" class=\"elementor elementor-35\" data-elementor-settings=\"[]\">\n\t\t\t\t\t\t<div class=\"elementor-inner\">\n\t\t\t\t\t\t\t<div class=\"elementor-section-wrap\">\n\t\t\t\t\t\t\t<section class=\"elementor-section elementor-top-section elementor-element elementor-element-9dbcd65 elementor-section-boxed elementor-section-height-default elementor-section-height-default\" data-id=\"9dbcd65\" data-element_type=\"section\">\n\t\t\t\t\t\t<div class=\"elementor-container elementor-column-gap-default\">\n\t\t\t\t\t\t\t<div class=\"elementor-row\">\n\t\t\t\t\t<div class=\"elementor-column elementor-col-100 elementor-top-column elementor-element elementor-element-15a13b0\" data-id=\"15a13b0\" data-element_type=\"column\">\n\t\t\t<div class=\"elementor-column-wrap elementor-element-populated\">\n\t\t\t\t\t\t\t<div class=\"elementor-widget-wrap\">\n\t\t\t\t\t\t<div class=\"elementor-element elementor-element-c000b09 elementor-widget elementor-widget-heading\" data-id=\"c000b09\" data-element_type=\"widget\" data-widget_type=\"heading.default\">\n\t\t\t\t<div class=\"elementor-widget-container\">\n\t\t\t<h2 class=\"elementor-heading-title elementor-size-default\">FAQ <\/h2>\t\t<\/div>\n\t\t\t\t<\/div>\n\t\t\t\t\t\t<\/div>\n\t\t\t\t\t<\/div>\n\t\t<\/div>\n\t\t\t\t\t\t\t\t<\/div>\n\t\t\t\t\t<\/div>\n\t\t<\/section>\n\t\t\t\t<section class=\"elementor-section elementor-top-section elementor-element elementor-element-58fef9a elementor-section-boxed elementor-section-height-default elementor-section-height-default\" data-id=\"58fef9a\" data-element_type=\"section\">\n\t\t\t\t\t\t<div class=\"elementor-container elementor-column-gap-default\">\n\t\t\t\t\t\t\t<div class=\"elementor-row\">\n\t\t\t\t\t<div class=\"elementor-column elementor-col-100 elementor-top-column elementor-element elementor-element-c999544\" data-id=\"c999544\" data-element_type=\"column\">\n\t\t\t<div class=\"elementor-column-wrap elementor-element-populated\">\n\t\t\t\t\t\t\t<div class=\"elementor-widget-wrap\">\n\t\t\t\t\t\t<div class=\"elementor-element elementor-element-886da43 elementor-widget elementor-widget-accordion\" data-id=\"886da43\" data-element_type=\"widget\" data-widget_type=\"accordion.default\">\n\t\t\t\t<div class=\"elementor-widget-container\">\n\t\t\t\t\t<div class=\"elementor-accordion\" role=\"tablist\">\n\t\t\t\t\t\t\t<div class=\"elementor-accordion-item\">\n\t\t\t\t\t<div id=\"elementor-tab-title-1431\" class=\"elementor-tab-title\" data-tab=\"1\" role=\"tab\" aria-controls=\"elementor-tab-content-1431\" aria-expanded=\"false\">\n\t\t\t\t\t\t\t\t\t\t\t\t\t<span class=\"elementor-accordion-icon elementor-accordion-icon-left\" aria-hidden=\"true\">\n\t\t\t\t\t\t\t\t\t\t\t\t\t\t\t<span class=\"elementor-accordion-icon-closed\"><i class=\"fas fa-plus\"><\/i><\/span>\n\t\t\t\t\t\t\t\t<span class=\"elementor-accordion-icon-opened\"><i class=\"fas fa-minus\"><\/i><\/span>\n\t\t\t\t\t\t\t\t\t\t\t\t\t\t<\/span>\n\t\t\t\t\t\t\t\t\t\t\t\t<a class=\"elementor-accordion-title\" href=\"\">Co to je KAPAP CZECH? <\/a>\n\t\t\t\t\t<\/div>\n\t\t\t\t\t<div id=\"elementor-tab-content-1431\" class=\"elementor-tab-content elementor-clearfix\" data-tab=\"1\" role=\"tabpanel\" aria-labelledby=\"elementor-tab-title-1431\">KAPAP CZECH p\u0159edstavuje jedine\u010dnou s\u00ed\u0165 \u0161kol izraelsk\u00e9 sebeobrany v \u010cR<\/div>\n\t\t\t\t<\/div>\n\t\t\t\t\t\t\t<div class=\"elementor-accordion-item\">\n\t\t\t\t\t<div id=\"elementor-tab-title-1432\" class=\"elementor-tab-title\" data-tab=\"2\" role=\"tab\" aria-controls=\"elementor-tab-content-1432\" aria-expanded=\"false\">\n\t\t\t\t\t\t\t\t\t\t\t\t\t<span class=\"elementor-accordion-icon elementor-accordion-icon-left\" aria-hidden=\"true\">\n\t\t\t\t\t\t\t\t\t\t\t\t\t\t\t<span class=\"elementor-accordion-icon-closed\"><i class=\"fas fa-plus\"><\/i><\/span>\n\t\t\t\t\t\t\t\t<span class=\"elementor-accordion-icon-opened\"><i class=\"fas fa-minus\"><\/i><\/span>\n\t\t\t\t\t\t\t\t\t\t\t\t\t\t<\/span>\n\t\t\t\t\t\t\t\t\t\t\t\t<a class=\"elementor-accordion-title\" href=\"\">Co znamen\u00e1 slovo KAPAP?<\/a>\n\t\t\t\t\t<\/div>\n\t\t\t\t\t<div id=\"elementor-tab-content-1432\" class=\"elementor-tab-content elementor-clearfix\" data-tab=\"2\" role=\"tabpanel\" aria-labelledby=\"elementor-tab-title-1432\"><p><em>KAPAP je akronym pro izraelskou sebeobranu <b>Krav Panim el Panim,<\/b> co\u017e v p\u0159ekladu znamen\u00e1 &#8222;<b>boj tv\u00e1\u0159\u00ed v tv\u00e1\u0159<\/b>&#8222;. Je to jedine\u010dn\u00fd syst\u00e9m komplexn\u00ed modern\u00ed re\u00e1ln\u00e9 sebeobrany pro v\u0161echny (d\u011bti, ml\u00e1de\u017e, dosp\u011bl\u00e9, \u017eeny, seniory, profesin\u00e1ly).<\/em><\/p><\/div>\n\t\t\t\t<\/div>\n\t\t\t\t\t\t\t<div class=\"elementor-accordion-item\">\n\t\t\t\t\t<div id=\"elementor-tab-title-1433\" class=\"elementor-tab-title\" data-tab=\"3\" role=\"tab\" aria-controls=\"elementor-tab-content-1433\" aria-expanded=\"false\">\n\t\t\t\t\t\t\t\t\t\t\t\t\t<span class=\"elementor-accordion-icon elementor-accordion-icon-left\" aria-hidden=\"true\">\n\t\t\t\t\t\t\t\t\t\t\t\t\t\t\t<span class=\"elementor-accordion-icon-closed\"><i class=\"fas fa-plus\"><\/i><\/span>\n\t\t\t\t\t\t\t\t<span class=\"elementor-accordion-icon-opened\"><i class=\"fas fa-minus\"><\/i><\/span>\n\t\t\t\t\t\t\t\t\t\t\t\t\t\t<\/span>\n\t\t\t\t\t\t\t\t\t\t\t\t<a class=\"elementor-accordion-title\" href=\"\">Kdo je p\u0159edstavitelem KAPAP?<\/a>\n\t\t\t\t\t<\/div>\n\t\t\t\t\t<div id=\"elementor-tab-content-1433\" class=\"elementor-tab-content elementor-clearfix\" data-tab=\"3\" role=\"tabpanel\" aria-labelledby=\"elementor-tab-title-1433\"><p><em>Sv\u011btov\u00fd nejvy\u0161\u0161\u00ed p\u0159edstavitel a prezident I.K.A. (International Kapap Association) je izraelsk\u00fd mistr Moshe Galisko (* 1955), prvorozen\u00fd syn zakladatele syst\u00e9mu Haviva Galiska.<\/em><\/p><p><em>Nejvy\u0161\u0161\u00edm \u010desk\u00fdm p\u0159edstavitelem je Ing. <\/em><b>Michal Janou\u0161ek<\/b><em> (* 1981) alias Instruktor Mike, kter\u00fd dos\u00e1hl nejvy\u0161\u0161\u00edch technick\u00fdch certifikac\u00ed Instruktor KAPAP Level C &amp; MASTER TEACHER KAPAP a v\u011bnuje se od roku 2010 rozvoji a propagaci tohoto sebeobrann\u00e9ho syst\u00e9mu v \u010cR i ve sv\u011bt\u011b.\u00a0<\/em><\/p><\/div>\n\t\t\t\t<\/div>\n\t\t\t\t\t\t\t<div class=\"elementor-accordion-item\">\n\t\t\t\t\t<div id=\"elementor-tab-title-1434\" class=\"elementor-tab-title\" data-tab=\"4\" role=\"tab\" aria-controls=\"elementor-tab-content-1434\" aria-expanded=\"false\">\n\t\t\t\t\t\t\t\t\t\t\t\t\t<span class=\"elementor-accordion-icon elementor-accordion-icon-left\" aria-hidden=\"true\">\n\t\t\t\t\t\t\t\t\t\t\t\t\t\t\t<span class=\"elementor-accordion-icon-closed\"><i class=\"fas fa-plus\"><\/i><\/span>\n\t\t\t\t\t\t\t\t<span class=\"elementor-accordion-icon-opened\"><i class=\"fas fa-minus\"><\/i><\/span>\n\t\t\t\t\t\t\t\t\t\t\t\t\t\t<\/span>\n\t\t\t\t\t\t\t\t\t\t\t\t<a class=\"elementor-accordion-title\" href=\"\">Jak\u00fd je vztah mezi KAPAP a KRAV MAGA?<\/a>\n\t\t\t\t\t<\/div>\n\t\t\t\t\t<div id=\"elementor-tab-content-1434\" class=\"elementor-tab-content elementor-clearfix\" data-tab=\"4\" role=\"tabpanel\" aria-labelledby=\"elementor-tab-title-1434\"><p><em>Oba pojmy ozna\u010duj\u00ed <b>izraelsk\u00e9 sebeobrann\u00e9 syst\u00e9my<\/b> \/ bojov\u00e1 um\u011bn\u00ed, dnes souhrnn\u011b ozna\u010dovan\u00e9 jako &#8222;israel combat system&#8220; nebo &#8222;israel martial arts&#8220;.<\/em><\/p><p><em>\u00a0KRAV MAGA je zn\u00e1m\u011bj\u0161\u00ed a popul\u00e1rn\u011bj\u0161\u00ed, ale jeliko\u017e oba syst\u00e9my vyu\u017e\u00edvaj\u00ed stejn\u00e9 \u010di podobn\u00e9 principy a vych\u00e1zej\u00ed ze stejn\u00e9ho prost\u0159ed\u00ed, u\u010d\u00ed \u010dasto shodn\u00e9 \u010di velice podobn\u00e9 v\u011bci a lid\u00e9 mezi nimi zcela nerozli\u0161uj\u00ed. A ono taky nejde \u0159\u00edci, \u017ee by existovali n\u011bjak\u00e9 typick\u00e9 techniky KAPAP \u010di KRAV MAGA. Oba syst\u00e9my se sna\u017e\u00ed b\u00fdt maxim\u00e1ln\u011b funk\u010dn\u00ed a realistick\u00e9.\u00a0<\/em><\/p><p><em>Motto KAPAP je: &#8222;Minimal time, minimal risk, maximal damage.&#8220;<\/em><\/p><\/div>\n\t\t\t\t<\/div>\n\t\t\t\t\t\t\t<div class=\"elementor-accordion-item\">\n\t\t\t\t\t<div id=\"elementor-tab-title-1435\" class=\"elementor-tab-title\" data-tab=\"5\" role=\"tab\" aria-controls=\"elementor-tab-content-1435\" aria-expanded=\"false\">\n\t\t\t\t\t\t\t\t\t\t\t\t\t<span class=\"elementor-accordion-icon elementor-accordion-icon-left\" aria-hidden=\"true\">\n\t\t\t\t\t\t\t\t\t\t\t\t\t\t\t<span class=\"elementor-accordion-icon-closed\"><i class=\"fas fa-plus\"><\/i><\/span>\n\t\t\t\t\t\t\t\t<span class=\"elementor-accordion-icon-opened\"><i class=\"fas fa-minus\"><\/i><\/span>\n\t\t\t\t\t\t\t\t\t\t\t\t\t\t<\/span>\n\t\t\t\t\t\t\t\t\t\t\t\t<a class=\"elementor-accordion-title\" href=\"\">Existuj\u00ed v \u010cR i jin\u00e9 KAPAP organizace?<\/a>\n\t\t\t\t\t<\/div>\n\t\t\t\t\t<div id=\"elementor-tab-content-1435\" class=\"elementor-tab-content elementor-clearfix\" data-tab=\"5\" role=\"tabpanel\" aria-labelledby=\"elementor-tab-title-1435\"><p><em>Ano, v \u010cR existuje n\u011bkolik dal\u0161\u00edch v\u011btv\u00ed KAPAP, kter\u00e9 vznikly historicky, v r\u016fzn\u00fdch dob\u00e1ch, odtr\u017een\u00edm tren\u00e9r\u016f od hlavn\u00edho propag\u00e1tora a instruktora Michala Janou\u0161ka (Instruktor Mike,\u00a0<a href=\"https:\/\/www.instagram.com\/kapapbymike\/\">#kapapbymike<\/a>). V\u011bt\u0161ina t\u011bchto organizac\u00ed p\u016fsob\u00ed region\u00e1ln\u011b (Brn\u011bnsko, Svitavsko, Olomoucko, kraj Vyso\u010dina, apod.). KAPAP CZECH se sna\u017e\u00ed fungovat nap\u0159\u00ed\u010d celou republikou, aktu\u00e1ln\u011b funguje na\u0161e s\u00ed\u0165 v t\u011bchto v\u0161ech <\/em>LOKALIT\u00c1CH<em>.<\/em><\/p><\/div>\n\t\t\t\t<\/div>\n\t\t\t\t\t\t\t\t<\/div>\n\t\t\t\t<\/div>\n\t\t\t\t<\/div>\n\t\t\t\t\t\t<\/div>\n\t\t\t\t\t<\/div>\n\t\t<\/div>\n\t\t\t\t\t\t\t\t<\/div>\n\t\t\t\t\t<\/div>\n\t\t<\/section>\n\t\t\t\t<section class=\"elementor-section elementor-top-section elementor-element elementor-element-2c2e2f9 elementor-section-boxed elementor-section-height-default elementor-section-height-default\" data-id=\"2c2e2f9\" data-element_type=\"section\">\n\t\t\t\t\t\t<div class=\"elementor-container elementor-column-gap-default\">\n\t\t\t\t\t\t\t<div class=\"elementor-row\">\n\t\t\t\t\t<div class=\"elementor-column elementor-col-100 elementor-top-column elementor-element elementor-element-a0a43f7\" data-id=\"a0a43f7\" data-element_type=\"column\">\n\t\t\t<div class=\"elementor-column-wrap\">\n\t\t\t\t\t\t\t<div class=\"elementor-widget-wrap\">\n\t\t\t\t\t\t\t\t<\/div>\n\t\t\t\t\t<\/div>\n\t\t<\/div>\n\t\t\t\t\t\t\t\t<\/div>\n\t\t\t\t\t<\/div>\n\t\t<\/section>\n\t\t\t\t\t\t<\/div>\n\t\t\t\t\t\t<\/div>\n\t\t\t\t\t<\/div>\n\t\t","protected":false},"excerpt":{"rendered":"<p>FAQ Co to je KAPAP CZECH? KAPAP CZECH p\u0159edstavuje jedine\u010dnou s\u00ed\u0165 \u0161kol izraelsk\u00e9 sebeobrany v \u010cR Co znamen\u00e1 slovo KAPAP? KAPAP je akronym pro izraelskou sebeobranu Krav Panim el Panim, co\u017e v p\u0159ekladu znamen\u00e1 &#8222;boj tv\u00e1\u0159\u00ed v tv\u00e1\u0159&#8222;. Je to jedine\u010dn\u00fd syst\u00e9m komplexn\u00ed modern\u00ed re\u00e1ln\u00e9 sebeobrany pro v\u0161echny (d\u011bti, ml\u00e1de\u017e, dosp\u011bl\u00e9, \u017eeny, seniory, profesin\u00e1ly). Kdo &hellip; <\/p>\n<p class=\"link-more\"><a href=\"http:\/\/www.kapap-czech.cz\/?page_id=35\" class=\"more-link\">Pokra\u010dovat ve \u010dten\u00ed<span class=\"screen-reader-text\"> &#8222;FAQ KAPAP&#8220;<\/span><\/a><\/p>\n","protected":false},"author":1,"featured_media":0,"parent":0,"menu_order":0,"comment_status":"closed","ping_status":"closed","template":"elementor_header_footer","meta":[],"aioseo_notices":[],"_links":{"self":[{"href":"http:\/\/www.kapap-czech.cz\/index.php?rest_route=\/wp\/v2\/pages\/35"}],"collection":[{"href":"http:\/\/www.kapap-czech.cz\/index.php?rest_route=\/wp\/v2\/pages"}],"about":[{"href":"http:\/\/www.kapap-czech.cz\/index.php?rest_route=\/wp\/v2\/types\/page"}],"author":[{"embeddable":true,"href":"http:\/\/www.kapap-czech.cz\/index.php?rest_route=\/wp\/v2\/users\/1"}],"replies":[{"embeddable":true,"href":"http:\/\/www.kapap-czech.cz\/index.php?rest_route=%2Fwp%2Fv2%2Fcomments&post=35"}],"version-history":[{"count":12,"href":"http:\/\/www.kapap-czech.cz\/index.php?rest_route=\/wp\/v2\/pages\/35\/revisions"}],"predecessor-version":[{"id":1935,"href":"http:\/\/www.kapap-czech.cz\/index.php?rest_route=\/wp\/v2\/pages\/35\/revisions\/1935"}],"wp:attachment":[{"href":"http:\/\/www.kapap-czech.cz\/index.php?rest_route=%2Fwp%2Fv2%2Fmedia&parent=35"}],"curies":[{"name":"wp","href":"https:\/\/api.w.org\/{rel}","templated":true}]}}