{"id":680,"date":"2019-08-13T16:24:12","date_gmt":"2019-08-13T15:24:12","guid":{"rendered":"http:\/\/www.kapap-czech.cz\/?page_id=680"},"modified":"2025-08-30T21:36:23","modified_gmt":"2025-08-30T20:36:23","slug":"lokality-2","status":"publish","type":"page","link":"http:\/\/www.kapap-czech.cz\/?page_id=680","title":{"rendered":"Lokality-p\u0159ehled"},"content":{"rendered":"\t\t<div data-elementor-type=\"wp-post\" data-elementor-id=\"680\" class=\"elementor elementor-680\" data-elementor-settings=\"[]\">\n\t\t\t\t\t\t<div class=\"elementor-inner\">\n\t\t\t\t\t\t\t<div class=\"elementor-section-wrap\">\n\t\t\t\t\t\t\t<section class=\"elementor-section elementor-top-section elementor-element elementor-element-83dc9fe elementor-section-boxed elementor-section-height-default elementor-section-height-default\" data-id=\"83dc9fe\" data-element_type=\"section\">\n\t\t\t\t\t\t<div class=\"elementor-container elementor-column-gap-default\">\n\t\t\t\t\t\t\t<div class=\"elementor-row\">\n\t\t\t\t\t<div class=\"elementor-column elementor-col-100 elementor-top-column elementor-element elementor-element-23903b7\" data-id=\"23903b7\" data-element_type=\"column\">\n\t\t\t<div class=\"elementor-column-wrap elementor-element-populated\">\n\t\t\t\t\t\t\t<div class=\"elementor-widget-wrap\">\n\t\t\t\t\t\t<div class=\"elementor-element elementor-element-fd8860b elementor-widget elementor-widget-heading\" data-id=\"fd8860b\" data-element_type=\"widget\" data-widget_type=\"heading.default\">\n\t\t\t\t<div class=\"elementor-widget-container\">\n\t\t\t<h4 class=\"elementor-heading-title elementor-size-default\">Seznam lokalit KAPAP CZECH - odkazy n\u00ed\u017ee pod mapou<\/h4>\t\t<\/div>\n\t\t\t\t<\/div>\n\t\t\t\t\t\t<\/div>\n\t\t\t\t\t<\/div>\n\t\t<\/div>\n\t\t\t\t\t\t\t\t<\/div>\n\t\t\t\t\t<\/div>\n\t\t<\/section>\n\t\t\t\t<section class=\"elementor-section elementor-top-section elementor-element elementor-element-70414e8 elementor-section-boxed elementor-section-height-default elementor-section-height-default\" data-id=\"70414e8\" data-element_type=\"section\">\n\t\t\t\t\t\t<div class=\"elementor-container elementor-column-gap-default\">\n\t\t\t\t\t\t\t<div class=\"elementor-row\">\n\t\t\t\t\t<div class=\"elementor-column elementor-col-100 elementor-top-column elementor-element elementor-element-73d5b49\" data-id=\"73d5b49\" data-element_type=\"column\">\n\t\t\t<div class=\"elementor-column-wrap elementor-element-populated\">\n\t\t\t\t\t\t\t<div class=\"elementor-widget-wrap\">\n\t\t\t\t\t\t<div class=\"elementor-element elementor-element-b6af778 elementor-widget elementor-widget-image\" data-id=\"b6af778\" data-element_type=\"widget\" data-widget_type=\"image.default\">\n\t\t\t\t<div class=\"elementor-widget-container\">\n\t\t\t\t\t\t\t\t<div class=\"elementor-image\">\n\t\t\t\t\t\t\t\t\t\t\t\t<img width=\"1536\" height=\"864\" src=\"http:\/\/www.kapap-czech.cz\/wp-content\/uploads\/2025\/08\/2509_lokality_nabory_2025.jpg\" class=\"attachment-full size-full\" alt=\"Lokality KAPAP CZECH 2025\/26\" loading=\"lazy\" srcset=\"http:\/\/www.kapap-czech.cz\/wp-content\/uploads\/2025\/08\/2509_lokality_nabory_2025.jpg 1536w, http:\/\/www.kapap-czech.cz\/wp-content\/uploads\/2025\/08\/2509_lokality_nabory_2025-300x169.jpg 300w, http:\/\/www.kapap-czech.cz\/wp-content\/uploads\/2025\/08\/2509_lokality_nabory_2025-1024x576.jpg 1024w, http:\/\/www.kapap-czech.cz\/wp-content\/uploads\/2025\/08\/2509_lokality_nabory_2025-768x432.jpg 768w\" sizes=\"100vw\" \/>\t\t\t\t\t\t\t\t\t\t\t\t\t\t<\/div>\n\t\t\t\t\t\t<\/div>\n\t\t\t\t<\/div>\n\t\t\t\t<div class=\"elementor-element elementor-element-27e6d11 elementor-widget elementor-widget-spacer\" data-id=\"27e6d11\" data-element_type=\"widget\" data-widget_type=\"spacer.default\">\n\t\t\t\t<div class=\"elementor-widget-container\">\n\t\t\t\t\t<div class=\"elementor-spacer\">\n\t\t\t<div class=\"elementor-spacer-inner\"><\/div>\n\t\t<\/div>\n\t\t\t\t<\/div>\n\t\t\t\t<\/div>\n\t\t\t\t<div class=\"elementor-element elementor-element-516f08a elementor-widget elementor-widget-text-editor\" data-id=\"516f08a\" data-element_type=\"widget\" data-widget_type=\"text-editor.default\">\n\t\t\t\t<div class=\"elementor-widget-container\">\n\t\t\t\t\t\t\t\t<div class=\"elementor-text-editor elementor-clearfix\">\n\t\t\t\t<p><em>Kliknut\u00edm na m\u011bsto v seznamu <strong>n\u00ed\u017ee <\/strong>se dozv\u00edte podrobnosti k lokalit\u011b<\/em><\/p>\t\t\t\t\t<\/div>\n\t\t\t\t\t\t<\/div>\n\t\t\t\t<\/div>\n\t\t\t\t\t\t<\/div>\n\t\t\t\t\t<\/div>\n\t\t<\/div>\n\t\t\t\t\t\t\t\t<\/div>\n\t\t\t\t\t<\/div>\n\t\t<\/section>\n\t\t\t\t<section class=\"elementor-section elementor-top-section elementor-element elementor-element-5e70725 elementor-section-boxed elementor-section-height-default elementor-section-height-default\" data-id=\"5e70725\" data-element_type=\"section\">\n\t\t\t\t\t\t<div class=\"elementor-container elementor-column-gap-default\">\n\t\t\t\t\t\t\t<div class=\"elementor-row\">\n\t\t\t\t\t<div class=\"elementor-column elementor-col-33 elementor-top-column elementor-element elementor-element-136ac50\" data-id=\"136ac50\" data-element_type=\"column\">\n\t\t\t<div class=\"elementor-column-wrap elementor-element-populated\">\n\t\t\t\t\t\t\t<div class=\"elementor-widget-wrap\">\n\t\t\t\t\t\t<div class=\"elementor-element elementor-element-e7c1cb8 elementor-widget elementor-widget-text-editor\" data-id=\"e7c1cb8\" data-element_type=\"widget\" data-widget_type=\"text-editor.default\">\n\t\t\t\t<div class=\"elementor-widget-container\">\n\t\t\t\t\t\t\t\t<div class=\"elementor-text-editor elementor-clearfix\">\n\t\t\t\t<p><span style=\"font-weight: bold;\">Sebeobrana pro dosp\u011bl\u00e9 a ml\u00e1de\u017e<\/span><\/p><ul><li><a title=\"Bene\u0161ov u Prahy\" href=\"http:\/\/www.kapap-czech.cz\/?page_id=3341\" target=\"_blank\" rel=\"noopener\">Bene\u0161ov u Prahy<\/a><\/li><li><a href=\"http:\/\/www.kapap-czech.cz\/?page_id=1497\">Beroun<\/a><\/li><li><a title=\"Boskovice\" href=\"http:\/\/www.kapap-czech.cz\/?page_id=3856\" target=\"_blank\" rel=\"noopener\">Boskovice<\/a><\/li><li><a href=\"http:\/\/www.kapap-czech.cz\/?page_id=742\">Brno<\/a><\/li><li><a title=\"Byst\u0159ice nad Pern\u0161tejnem\" href=\"http:\/\/www.kapap-czech.cz\/?page_id=3320\" target=\"_blank\" rel=\"noopener\">Byst\u0159ice nad Pern.<\/a><\/li><li><a href=\"http:\/\/www.kapap-czech.cz\/?page_id=4208\">\u010cesk\u00e9 Bud\u011bjovice<\/a><\/li><li><a style=\"background-color: #ffffff; color: #000000; font-size: 1rem; outline: 0px;\" href=\"http:\/\/www.kapap-czech.cz\/?page_id=743\">Dob\u0159\u00ed\u0161<\/a><\/li><li><a href=\"http:\/\/www.kapap-czech.cz\/?page_id=2811\">Dv\u016fr Kr\u00e1lov\u00e9<\/a>\u00a0n. L.<\/li><li><a style=\"color: #000000; outline: 0px;\" href=\"http:\/\/www.kapap-czech.cz\/?page_id=787\">Ho\u0159ovice<\/a><\/li><li><a style=\"color: #000000; outline: 0px;\" href=\"http:\/\/www.kapap-czech.cz\/?page_id=794\">Hradec Kr\u00e1lov\u00e9<\/a><\/li><li><a style=\"background-color: #ffffff; font-size: 1rem;\" href=\"http:\/\/www.kapap-czech.cz\/?page_id=793\">Chomutov<\/a>\u00a0<\/li><li><a href=\"http:\/\/www.kapap-czech.cz\/?page_id=4249\">Jablonec nad Nisou<\/a><\/li><li><a title=\"Jemnice\" href=\"http:\/\/www.kapap-czech.cz\/?page_id=1698\" target=\"_blank\" rel=\"noopener\">Jemnice<\/a><\/li><li><a href=\"http:\/\/www.kapap-czech.cz\/?page_id=1478\">Jihlava<\/a><\/li><li><a title=\"Jind\u0159ich\u016fv Hradec\" href=\"http:\/\/www.kapap-czech.cz\/?page_id=3848\" target=\"_blank\" rel=\"noopener\">Jind\u0159ich\u016fv Hradec<\/a><\/li><li><a style=\"background-color: #ffffff; font-size: 1rem;\" href=\"http:\/\/www.kapap-czech.cz\/?page_id=790\">Louny\u00a0<\/a><\/li><li><a href=\"http:\/\/www.kapap-czech.cz\/?page_id=2491\">Mari\u00e1nsk\u00e9 L\u00e1zn\u011b<\/a><\/li><\/ul>\t\t\t\t\t<\/div>\n\t\t\t\t\t\t<\/div>\n\t\t\t\t<\/div>\n\t\t\t\t\t\t<\/div>\n\t\t\t\t\t<\/div>\n\t\t<\/div>\n\t\t\t\t<div class=\"elementor-column elementor-col-33 elementor-top-column elementor-element elementor-element-7aa9b86\" data-id=\"7aa9b86\" data-element_type=\"column\">\n\t\t\t<div class=\"elementor-column-wrap elementor-element-populated\">\n\t\t\t\t\t\t\t<div class=\"elementor-widget-wrap\">\n\t\t\t\t\t\t<div class=\"elementor-element elementor-element-d66bbc4 elementor-widget elementor-widget-text-editor\" data-id=\"d66bbc4\" data-element_type=\"widget\" data-widget_type=\"text-editor.default\">\n\t\t\t\t<div class=\"elementor-widget-container\">\n\t\t\t\t\t\t\t\t<div class=\"elementor-text-editor elementor-clearfix\">\n\t\t\t\t<ul><li><a href=\"http:\/\/www.kapap-czech.cz\/?page_id=4213\">Olomouc<\/a><\/li><li><a href=\"http:\/\/www.kapap-czech.cz\/?page_id=4267\">Ostrov nad Oh\u0159\u00ed<\/a><\/li><li><a href=\"http:\/\/www.kapap-czech.cz\/?page_id=3835\">Ostrava<\/a><\/li><li><a href=\"http:\/\/www.kapap-czech.cz\/?page_id=3297\">Pardubice<\/a><\/li><li><a href=\"http:\/\/www.kapap-czech.cz\/?page_id=786\">P\u00edsek\u00a0<\/a><\/li><li><a href=\"http:\/\/www.kapap-czech.cz\/?page_id=782\">Plze\u0148<\/a><\/li><li><a href=\"http:\/\/www.kapap-czech.cz\/?page_id=784\">P\u0159\u00edbram<\/a><\/li><li><a href=\"http:\/\/www.kapap-czech.cz\/?page_id=783\">Sedl\u010dany<\/a><\/li><li><a href=\"http:\/\/www.kapap-czech.cz\/?page_id=788\">Slan\u00fd<\/a><\/li><li><a href=\"http:\/\/www.kapap-czech.cz\/?page_id=4257\">Strakonice<\/a><\/li><li><a href=\"http:\/\/www.kapap-czech.cz\/?page_id=4262\">Su\u0161ice<\/a><\/li><li><a href=\"http:\/\/www.kapap-czech.cz\/?page_id=2876\">T\u00e1bor<\/a><\/li><li><a title=\"Zl\u00edn\" href=\"http:\/\/www.kapap-czech.cz\/?page_id=3864\" target=\"_blank\" rel=\"noopener\">Zl\u00edn<\/a><\/li><li><a href=\"http:\/\/www.kapap-czech.cz\/?page_id=2924\">\u017d\u010f\u00e1r nad S\u00e1zavou<\/a><\/li><\/ul>\t\t\t\t\t<\/div>\n\t\t\t\t\t\t<\/div>\n\t\t\t\t<\/div>\n\t\t\t\t\t\t<\/div>\n\t\t\t\t\t<\/div>\n\t\t<\/div>\n\t\t\t\t<div class=\"elementor-column elementor-col-33 elementor-top-column elementor-element elementor-element-03ce52d\" data-id=\"03ce52d\" data-element_type=\"column\">\n\t\t\t<div class=\"elementor-column-wrap elementor-element-populated\">\n\t\t\t\t\t\t\t<div class=\"elementor-widget-wrap\">\n\t\t\t\t\t\t<div class=\"elementor-element elementor-element-c486101 elementor-widget elementor-widget-text-editor\" data-id=\"c486101\" data-element_type=\"widget\" data-widget_type=\"text-editor.default\">\n\t\t\t\t<div class=\"elementor-widget-container\">\n\t\t\t\t\t\t\t\t<div class=\"elementor-text-editor elementor-clearfix\">\n\t\t\t\t<p><strong>D\u011btsk\u00e1 sebeobrana- KAPAP KIDS<\/strong><\/p><ul><li><a href=\"http:\/\/www.kapap-czech.cz\/?page_id=1497\">Beroun<\/a><\/li><li><a href=\"http:\/\/www.kapap-czech.cz\/?page_id=742\">Brno<\/a><\/li><li><a title=\"Byst\u0159ice nad Pern\u0161tejnem\" href=\"http:\/\/www.kapap-czech.cz\/?page_id=3320\" target=\"_blank\" rel=\"noopener\">Byst\u0159ice nad Pern\u0161tejnem<\/a><\/li><li><a href=\"http:\/\/www.kapap-czech.cz\/?page_id=743\">Dob\u0159\u00ed\u0161<\/a><\/li><li><a title=\"Hradec Kr\u00e1lov\u00e9\" href=\"http:\/\/www.kapap-czech.cz\/?page_id=794\" target=\"_blank\" rel=\"noopener\">Hradec Kr\u00e1lov\u00e9<\/a><\/li><li><a href=\"http:\/\/www.kapap-czech.cz\/?page_id=787\">Ho\u0159ovice<\/a><\/li><li><a href=\"http:\/\/www.kapap-czech.cz\/?page_id=1478\">Jihlava<\/a><\/li><li><a title=\"Kutn\u00e1 Hora\" href=\"http:\/\/www.kapap-czech.cz\/?page_id=3051\" target=\"_blank\" rel=\"noopener\">Kutn\u00e1 Hora<\/a><\/li><li><a style=\"background-color: #ffffff; font-size: 1rem;\" href=\"http:\/\/www.kapap-czech.cz\/?page_id=790\">Louny\u00a0<\/a><\/li><li><a href=\"http:\/\/www.kapap-czech.cz\/?page_id=786\" target=\"_blank\" rel=\"noopener\">P\u00edsek<\/a><\/li><li><a style=\"color: #000000; outline: 0px;\" href=\"http:\/\/www.kapap-czech.cz\/?page_id=784\">P\u0159\u00edbram<\/a><\/li><li><a href=\"http:\/\/www.kapap-czech.cz\/?page_id=783\">Sedl\u010dany<\/a><\/li><li><a href=\"http:\/\/www.kapap-czech.cz\/?page_id=788\">Slan\u00fd<\/a><\/li><li><a href=\"http:\/\/www.kapap-czech.cz\/?page_id=4257\">Strakonice<\/a><\/li><li><a title=\"\u017d\u010f\u00e1r nad S\u00e1zavou\" href=\"http:\/\/www.kapap-czech.cz\/?page_id=2924\" target=\"_blank\" rel=\"noopener\">\u017d\u010f\u00e1r nad S\u00e1zavou\u00a0<\/a><\/li><\/ul>\t\t\t\t\t<\/div>\n\t\t\t\t\t\t<\/div>\n\t\t\t\t<\/div>\n\t\t\t\t\t\t<\/div>\n\t\t\t\t\t<\/div>\n\t\t<\/div>\n\t\t\t\t\t\t\t\t<\/div>\n\t\t\t\t\t<\/div>\n\t\t<\/section>\n\t\t\t\t\t\t<\/div>\n\t\t\t\t\t\t<\/div>\n\t\t\t\t\t<\/div>\n\t\t","protected":false},"excerpt":{"rendered":"<p>Seznam lokalit KAPAP CZECH &#8211; odkazy n\u00ed\u017ee pod mapou Kliknut\u00edm na m\u011bsto v seznamu n\u00ed\u017ee se dozv\u00edte podrobnosti k lokalit\u011b Sebeobrana pro dosp\u011bl\u00e9 a ml\u00e1de\u017e Bene\u0161ov u Prahy Beroun Boskovice Brno Byst\u0159ice nad Pern. \u010cesk\u00e9 Bud\u011bjovice Dob\u0159\u00ed\u0161 Dv\u016fr Kr\u00e1lov\u00e9\u00a0n. L. Ho\u0159ovice Hradec Kr\u00e1lov\u00e9 Chomutov\u00a0 Jablonec nad Nisou Jemnice Jihlava Jind\u0159ich\u016fv Hradec Louny\u00a0 Mari\u00e1nsk\u00e9 L\u00e1zn\u011b Olomouc &hellip; <\/p>\n<p class=\"link-more\"><a href=\"http:\/\/www.kapap-czech.cz\/?page_id=680\" class=\"more-link\">Pokra\u010dovat ve \u010dten\u00ed<span class=\"screen-reader-text\"> &#8222;Lokality-p\u0159ehled&#8220;<\/span><\/a><\/p>\n","protected":false},"author":1,"featured_media":0,"parent":0,"menu_order":0,"comment_status":"closed","ping_status":"closed","template":"elementor_header_footer","meta":[],"aioseo_notices":[],"_links":{"self":[{"href":"http:\/\/www.kapap-czech.cz\/index.php?rest_route=\/wp\/v2\/pages\/680"}],"collection":[{"href":"http:\/\/www.kapap-czech.cz\/index.php?rest_route=\/wp\/v2\/pages"}],"about":[{"href":"http:\/\/www.kapap-czech.cz\/index.php?rest_route=\/wp\/v2\/types\/page"}],"author":[{"embeddable":true,"href":"http:\/\/www.kapap-czech.cz\/index.php?rest_route=\/wp\/v2\/users\/1"}],"replies":[{"embeddable":true,"href":"http:\/\/www.kapap-czech.cz\/index.php?rest_route=%2Fwp%2Fv2%2Fcomments&post=680"}],"version-history":[{"count":91,"href":"http:\/\/www.kapap-czech.cz\/index.php?rest_route=\/wp\/v2\/pages\/680\/revisions"}],"predecessor-version":[{"id":4422,"href":"http:\/\/www.kapap-czech.cz\/index.php?rest_route=\/wp\/v2\/pages\/680\/revisions\/4422"}],"wp:attachment":[{"href":"http:\/\/www.kapap-czech.cz\/index.php?rest_route=%2Fwp%2Fv2%2Fmedia&parent=680"}],"curies":[{"name":"wp","href":"https:\/\/api.w.org\/{rel}","templated":true}]}}