{"id":743,"date":"2019-07-29T15:37:11","date_gmt":"2019-07-29T14:37:11","guid":{"rendered":"http:\/\/www.kapap-czech.cz\/?page_id=743"},"modified":"2025-08-30T19:59:37","modified_gmt":"2025-08-30T18:59:37","slug":"dobris-2","status":"publish","type":"page","link":"http:\/\/www.kapap-czech.cz\/?page_id=743","title":{"rendered":"Dob\u0159\u00ed\u0161"},"content":{"rendered":"\t\t<div data-elementor-type=\"wp-post\" data-elementor-id=\"743\" class=\"elementor elementor-743\" data-elementor-settings=\"[]\">\n\t\t\t\t\t\t<div class=\"elementor-inner\">\n\t\t\t\t\t\t\t<div class=\"elementor-section-wrap\">\n\t\t\t\t\t\t\t<section class=\"elementor-section elementor-top-section elementor-element elementor-element-dc157b5 elementor-section-boxed elementor-section-height-default elementor-section-height-default\" data-id=\"dc157b5\" data-element_type=\"section\">\n\t\t\t\t\t\t<div class=\"elementor-container elementor-column-gap-default\">\n\t\t\t\t\t\t\t<div class=\"elementor-row\">\n\t\t\t\t\t<div class=\"elementor-column elementor-col-100 elementor-top-column elementor-element elementor-element-f1c374a\" data-id=\"f1c374a\" data-element_type=\"column\">\n\t\t\t<div class=\"elementor-column-wrap elementor-element-populated\">\n\t\t\t\t\t\t\t<div class=\"elementor-widget-wrap\">\n\t\t\t\t\t\t<div class=\"elementor-element elementor-element-0f30224 elementor-widget elementor-widget-heading\" data-id=\"0f30224\" data-element_type=\"widget\" data-widget_type=\"heading.default\">\n\t\t\t\t<div class=\"elementor-widget-container\">\n\t\t\t<h1 class=\"elementor-heading-title elementor-size-default\">Dob\u0159\u00ed\u0161<\/h1>\t\t<\/div>\n\t\t\t\t<\/div>\n\t\t\t\t\t\t<\/div>\n\t\t\t\t\t<\/div>\n\t\t<\/div>\n\t\t\t\t\t\t\t\t<\/div>\n\t\t\t\t\t<\/div>\n\t\t<\/section>\n\t\t\t\t<section class=\"elementor-section elementor-top-section elementor-element elementor-element-701ea58 elementor-section-content-middle elementor-section-boxed elementor-section-height-default elementor-section-height-default\" data-id=\"701ea58\" data-element_type=\"section\">\n\t\t\t\t\t\t<div class=\"elementor-container elementor-column-gap-narrow\">\n\t\t\t\t\t\t\t<div class=\"elementor-row\">\n\t\t\t\t\t<div class=\"elementor-column elementor-col-100 elementor-top-column elementor-element elementor-element-d17c5ff\" data-id=\"d17c5ff\" data-element_type=\"column\">\n\t\t\t<div class=\"elementor-column-wrap elementor-element-populated\">\n\t\t\t\t\t\t\t<div class=\"elementor-widget-wrap\">\n\t\t\t\t\t\t<div class=\"elementor-element elementor-element-2c5bceb elementor-widget elementor-widget-text-editor\" data-id=\"2c5bceb\" data-element_type=\"widget\" data-widget_type=\"text-editor.default\">\n\t\t\t\t<div class=\"elementor-widget-container\">\n\t\t\t\t\t\t\t\t<div class=\"elementor-text-editor elementor-clearfix\">\n\t\t\t\t<ul><li>Tr\u00e9ninky sebeobrany pro d\u011bti, ml\u00e1de\u017e, dosp\u011bl\u00e9 \u010di seniory.<\/li><li>Boj beze zbran\u011b i se zbran\u011bmi (no\u017ee, ty\u010de).\u00a0<\/li><li>Semin\u00e1\u0159e sebeobrany pro\u00a0 \u017eeny<\/li><li>Specializovan\u00e9 semin\u00e1\u0159e\u00a0<\/li><\/ul><div>Rozvrh pravideln\u00fdch tr\u00e9nik\u016f viz n\u00ed\u017ee<\/div>\t\t\t\t\t<\/div>\n\t\t\t\t\t\t<\/div>\n\t\t\t\t<\/div>\n\t\t\t\t<div class=\"elementor-element elementor-element-dc172f9 elementor-widget-divider--view-line elementor-widget elementor-widget-divider\" data-id=\"dc172f9\" data-element_type=\"widget\" data-widget_type=\"divider.default\">\n\t\t\t\t<div class=\"elementor-widget-container\">\n\t\t\t\t\t<div class=\"elementor-divider\">\n\t\t\t<span class=\"elementor-divider-separator\">\n\t\t\t\t\t\t<\/span>\n\t\t<\/div>\n\t\t\t\t<\/div>\n\t\t\t\t<\/div>\n\t\t\t\t\t\t<\/div>\n\t\t\t\t\t<\/div>\n\t\t<\/div>\n\t\t\t\t\t\t\t\t<\/div>\n\t\t\t\t\t<\/div>\n\t\t<\/section>\n\t\t\t\t<section class=\"elementor-section elementor-top-section elementor-element elementor-element-7d1b61a elementor-section-boxed elementor-section-height-default elementor-section-height-default\" data-id=\"7d1b61a\" data-element_type=\"section\">\n\t\t\t\t\t\t<div class=\"elementor-container elementor-column-gap-default\">\n\t\t\t\t\t\t\t<div class=\"elementor-row\">\n\t\t\t\t\t<div class=\"elementor-column elementor-col-100 elementor-top-column elementor-element elementor-element-9c037f0\" data-id=\"9c037f0\" data-element_type=\"column\">\n\t\t\t<div class=\"elementor-column-wrap elementor-element-populated\">\n\t\t\t\t\t\t\t<div class=\"elementor-widget-wrap\">\n\t\t\t\t\t\t<div class=\"elementor-element elementor-element-0085e29 elementor-widget elementor-widget-text-editor\" data-id=\"0085e29\" data-element_type=\"widget\" data-widget_type=\"text-editor.default\">\n\t\t\t\t<div class=\"elementor-widget-container\">\n\t\t\t\t\t\t\t\t<div class=\"elementor-text-editor elementor-clearfix\">\n\t\t\t\t<p>Letos za\u010d\u00edn\u00e1me n\u00e1borem 15<strong>. z\u00e1\u0159\u00ed 2025.<\/strong>&nbsp;&nbsp;<\/p>\n<p><\/p>\t\t\t\t\t<\/div>\n\t\t\t\t\t\t<\/div>\n\t\t\t\t<\/div>\n\t\t\t\t\t\t<\/div>\n\t\t\t\t\t<\/div>\n\t\t<\/div>\n\t\t\t\t\t\t\t\t<\/div>\n\t\t\t\t\t<\/div>\n\t\t<\/section>\n\t\t\t\t<section class=\"elementor-section elementor-top-section elementor-element elementor-element-6a0574a elementor-section-boxed elementor-section-height-default elementor-section-height-default\" data-id=\"6a0574a\" data-element_type=\"section\">\n\t\t\t\t\t\t<div class=\"elementor-container elementor-column-gap-default\">\n\t\t\t\t\t\t\t<div class=\"elementor-row\">\n\t\t\t\t\t<div class=\"elementor-column elementor-col-100 elementor-top-column elementor-element elementor-element-f1d81e9\" data-id=\"f1d81e9\" data-element_type=\"column\">\n\t\t\t<div class=\"elementor-column-wrap elementor-element-populated\">\n\t\t\t\t\t\t\t<div class=\"elementor-widget-wrap\">\n\t\t\t\t\t\t<div class=\"elementor-element elementor-element-0f42692 elementor-widget-divider--view-line elementor-widget elementor-widget-divider\" data-id=\"0f42692\" data-element_type=\"widget\" data-widget_type=\"divider.default\">\n\t\t\t\t<div class=\"elementor-widget-container\">\n\t\t\t\t\t<div class=\"elementor-divider\">\n\t\t\t<span class=\"elementor-divider-separator\">\n\t\t\t\t\t\t<\/span>\n\t\t<\/div>\n\t\t\t\t<\/div>\n\t\t\t\t<\/div>\n\t\t\t\t\t\t<\/div>\n\t\t\t\t\t<\/div>\n\t\t<\/div>\n\t\t\t\t\t\t\t\t<\/div>\n\t\t\t\t\t<\/div>\n\t\t<\/section>\n\t\t\t\t<section class=\"elementor-section elementor-top-section elementor-element elementor-element-c7ecbab elementor-section-boxed elementor-section-height-default elementor-section-height-default\" data-id=\"c7ecbab\" data-element_type=\"section\">\n\t\t\t\t\t\t<div class=\"elementor-container elementor-column-gap-default\">\n\t\t\t\t\t\t\t<div class=\"elementor-row\">\n\t\t\t\t\t<div class=\"elementor-column elementor-col-50 elementor-top-column elementor-element elementor-element-2e54cdd\" data-id=\"2e54cdd\" data-element_type=\"column\">\n\t\t\t<div class=\"elementor-column-wrap elementor-element-populated\">\n\t\t\t\t\t\t\t<div class=\"elementor-widget-wrap\">\n\t\t\t\t\t\t<div class=\"elementor-element elementor-element-d000d22 elementor-widget elementor-widget-text-editor\" data-id=\"d000d22\" data-element_type=\"widget\" data-widget_type=\"text-editor.default\">\n\t\t\t\t<div class=\"elementor-widget-container\">\n\t\t\t\t\t\t\t\t<div class=\"elementor-text-editor elementor-clearfix\">\n\t\t\t\t<p><strong>Kde n\u00e1s najdete?<\/strong><\/p>\n<p>Are\u00e1l b\u00fdval\u00fdch rukavi\u010dk\u00e1\u0159sk\u00fdch z\u00e1vod\u016f &#8211; budova \u010d\u00edslo 5, p\u0159\u00edzem\u00ed patro<\/p>\n<p><span style=\"font-size: 1rem; color: #000080;\">T\u011blocvi\u010dna &#8222;Rukavice&#8220;<\/span><\/p>\n<p><span style=\"font-size: 1rem;\">Na Zlat\u00e9 stezce 1055, Dob\u0159\u00ed\u0161<\/span><\/p>\n<p><span style=\"color: #3366ff;\">parkovat lze uvnit\u0159 are\u00e1lu, v p\u0159\u00edpad\u011b pln\u00fdch parkovac\u00edch m\u00edst odstavte auto na parkovi\u0161ti p\u0159ed are\u00e1lem<\/span><\/p>\n<p><strong><a href=\"http:\/\/www.kapap-czech.cz\/wp-content\/uploads\/2019\/07\/131ff73096f58095efc0bd7825b62a72.jpg\"><img loading=\"lazy\" class=\" wp-image-813 aligncenter\" src=\"http:\/\/www.kapap-czech.cz\/wp-content\/uploads\/2019\/07\/131ff73096f58095efc0bd7825b62a72-300x225.jpg\" alt=\"\" width=\"197\" height=\"148\" srcset=\"http:\/\/www.kapap-czech.cz\/wp-content\/uploads\/2019\/07\/131ff73096f58095efc0bd7825b62a72-300x225.jpg 300w, http:\/\/www.kapap-czech.cz\/wp-content\/uploads\/2019\/07\/131ff73096f58095efc0bd7825b62a72-768x576.jpg 768w, http:\/\/www.kapap-czech.cz\/wp-content\/uploads\/2019\/07\/131ff73096f58095efc0bd7825b62a72.jpg 800w\" sizes=\"(max-width: 197px) 100vw, 197px\" \/><\/a><\/strong><\/p>\t\t\t\t\t<\/div>\n\t\t\t\t\t\t<\/div>\n\t\t\t\t<\/div>\n\t\t\t\t\t\t<\/div>\n\t\t\t\t\t<\/div>\n\t\t<\/div>\n\t\t\t\t<div class=\"elementor-column elementor-col-50 elementor-top-column elementor-element elementor-element-b217a98\" data-id=\"b217a98\" data-element_type=\"column\">\n\t\t\t<div class=\"elementor-column-wrap elementor-element-populated\">\n\t\t\t\t\t\t\t<div class=\"elementor-widget-wrap\">\n\t\t\t\t\t\t<div class=\"elementor-element elementor-element-fa44ab1 elementor-widget elementor-widget-google_maps\" data-id=\"fa44ab1\" data-element_type=\"widget\" data-widget_type=\"google_maps.default\">\n\t\t\t\t<div class=\"elementor-widget-container\">\n\t\t\t\t\t<div class=\"elementor-custom-embed\">\n\t\t\t<iframe frameborder=\"0\" scrolling=\"no\" marginheight=\"0\" marginwidth=\"0\"\n\t\t\t\t\tsrc=\"https:\/\/maps.google.com\/maps?q=Na%20Zlat%C3%A9%20stezce%201055%2C%20Dob%C5%99%C3%AD%C5%A1&#038;t=m&#038;z=14&#038;output=embed&#038;iwloc=near\"\n\t\t\t\t\ttitle=\"Na Zlat\u00e9 stezce 1055, Dob\u0159\u00ed\u0161\"\n\t\t\t\t\taria-label=\"Na Zlat\u00e9 stezce 1055, Dob\u0159\u00ed\u0161\"\n\t\t\t><\/iframe>\n\t\t<\/div>\n\t\t\t\t<\/div>\n\t\t\t\t<\/div>\n\t\t\t\t\t\t<\/div>\n\t\t\t\t\t<\/div>\n\t\t<\/div>\n\t\t\t\t\t\t\t\t<\/div>\n\t\t\t\t\t<\/div>\n\t\t<\/section>\n\t\t\t\t<section class=\"elementor-section elementor-top-section elementor-element elementor-element-67a9a41 elementor-section-boxed elementor-section-height-default elementor-section-height-default\" data-id=\"67a9a41\" data-element_type=\"section\">\n\t\t\t\t\t\t<div class=\"elementor-container elementor-column-gap-default\">\n\t\t\t\t\t\t\t<div class=\"elementor-row\">\n\t\t\t\t\t<div class=\"elementor-column elementor-col-100 elementor-top-column elementor-element elementor-element-384cd84\" data-id=\"384cd84\" data-element_type=\"column\">\n\t\t\t<div class=\"elementor-column-wrap elementor-element-populated\">\n\t\t\t\t\t\t\t<div class=\"elementor-widget-wrap\">\n\t\t\t\t\t\t<div class=\"elementor-element elementor-element-6f20565 elementor-widget-divider--view-line elementor-widget elementor-widget-divider\" data-id=\"6f20565\" data-element_type=\"widget\" data-widget_type=\"divider.default\">\n\t\t\t\t<div class=\"elementor-widget-container\">\n\t\t\t\t\t<div class=\"elementor-divider\">\n\t\t\t<span class=\"elementor-divider-separator\">\n\t\t\t\t\t\t<\/span>\n\t\t<\/div>\n\t\t\t\t<\/div>\n\t\t\t\t<\/div>\n\t\t\t\t<div class=\"elementor-element elementor-element-0b98fea elementor-widget elementor-widget-text-editor\" data-id=\"0b98fea\" data-element_type=\"widget\" data-widget_type=\"text-editor.default\">\n\t\t\t\t<div class=\"elementor-widget-container\">\n\t\t\t\t\t\t\t\t<div class=\"elementor-text-editor elementor-clearfix\">\n\t\t\t\t<h3 style=\"text-align: center;\"><strong>Rozvrh\u00a0<\/strong><\/h3>\t\t\t\t\t<\/div>\n\t\t\t\t\t\t<\/div>\n\t\t\t\t<\/div>\n\t\t\t\t\t\t<\/div>\n\t\t\t\t\t<\/div>\n\t\t<\/div>\n\t\t\t\t\t\t\t\t<\/div>\n\t\t\t\t\t<\/div>\n\t\t<\/section>\n\t\t\t\t<section class=\"elementor-section elementor-top-section elementor-element elementor-element-297bf01 elementor-section-boxed elementor-section-height-default elementor-section-height-default\" data-id=\"297bf01\" data-element_type=\"section\">\n\t\t\t\t\t\t<div class=\"elementor-container elementor-column-gap-default\">\n\t\t\t\t\t\t\t<div class=\"elementor-row\">\n\t\t\t\t\t<div class=\"elementor-column elementor-col-50 elementor-top-column elementor-element elementor-element-5772633\" data-id=\"5772633\" data-element_type=\"column\">\n\t\t\t<div class=\"elementor-column-wrap elementor-element-populated\">\n\t\t\t\t\t\t\t<div class=\"elementor-widget-wrap\">\n\t\t\t\t\t\t<div class=\"elementor-element elementor-element-ce5e3fb elementor-widget elementor-widget-text-editor\" data-id=\"ce5e3fb\" data-element_type=\"widget\" data-widget_type=\"text-editor.default\">\n\t\t\t\t<div class=\"elementor-widget-container\">\n\t\t\t\t\t\t\t\t<div class=\"elementor-text-editor elementor-clearfix\">\n\t\t\t\t<p style=\"text-align: center;\"><strong>Pond\u011bl\u00ed<\/strong><\/p>\n<p><span style=\"color: #000080;\"><em>16.OO-16.5O<\/em><\/span>&nbsp; KAPAP KIDS &#8211; p\u0159\u00edpravka (4-8 let)<\/p>\n<p><span style=\"color: #000080;\"><em>17.OO-17.55<\/em><\/span>&nbsp; KAPAP KIDS &#8211; \u0161kol\u00e1ci BASIC (8-14 let )<\/p>\n<p><em><span style=\"color: #000080;\">18.00- 18.55<\/span>&nbsp; KAPAP KIDS &#8211; \u0161kol\u00e1ci Junior a ADVANCE<\/em><\/p>\n<p><span style=\"color: #000080;\">19.00-20.30&nbsp;<\/span>&nbsp;KAPAP BASIC &#8211; ml\u00e1de\u017e a dosp\u011bl\u00ed&nbsp; (14+ )<\/p>\t\t\t\t\t<\/div>\n\t\t\t\t\t\t<\/div>\n\t\t\t\t<\/div>\n\t\t\t\t\t\t<\/div>\n\t\t\t\t\t<\/div>\n\t\t<\/div>\n\t\t\t\t<div class=\"elementor-column elementor-col-50 elementor-top-column elementor-element elementor-element-0e2f7ae\" data-id=\"0e2f7ae\" data-element_type=\"column\">\n\t\t\t<div class=\"elementor-column-wrap elementor-element-populated\">\n\t\t\t\t\t\t\t<div class=\"elementor-widget-wrap\">\n\t\t\t\t\t\t<div class=\"elementor-element elementor-element-fe40bf0 elementor-widget elementor-widget-text-editor\" data-id=\"fe40bf0\" data-element_type=\"widget\" data-widget_type=\"text-editor.default\">\n\t\t\t\t<div class=\"elementor-widget-container\">\n\t\t\t\t\t\t\t\t<div class=\"elementor-text-editor elementor-clearfix\">\n\t\t\t\t<p style=\"text-align: center;\"><b>P\u00e1tek<\/b><\/p>\n<p><span style=\"color: #000080;\"><em>17.OO-17.55<\/em><\/span>&nbsp;Kapap Basic (<span style=\"font-size: 1rem;\">\u00ed s prvky Kyusho)&nbsp;<\/span><span style=\"font-size: 1rem;\">&#8211; ml\u00e1de\u017e a&nbsp; dosp\u011bl\u00ed<\/span><\/p>\n<p><span style=\"color: #000080;\">18.00-18.55 Kapap zbra\u0148ovky&nbsp; &nbsp;-Fil\u00edp\u00ednsk\u00e9 no\u017ee&nbsp; &amp; ty\u010de<\/span><\/p>\n<p><span style=\"color: #000080;\">19.00-20.00 KAPAP ADVANCE dosp\u011bl\u00ed<\/span><\/p>\t\t\t\t\t<\/div>\n\t\t\t\t\t\t<\/div>\n\t\t\t\t<\/div>\n\t\t\t\t\t\t<\/div>\n\t\t\t\t\t<\/div>\n\t\t<\/div>\n\t\t\t\t\t\t\t\t<\/div>\n\t\t\t\t\t<\/div>\n\t\t<\/section>\n\t\t\t\t<section class=\"elementor-section elementor-top-section elementor-element elementor-element-74584f2 elementor-section-boxed elementor-section-height-default elementor-section-height-default\" data-id=\"74584f2\" data-element_type=\"section\">\n\t\t\t\t\t\t<div class=\"elementor-container elementor-column-gap-default\">\n\t\t\t\t\t\t\t<div class=\"elementor-row\">\n\t\t\t\t\t<div class=\"elementor-column elementor-col-100 elementor-top-column elementor-element elementor-element-eb808a6\" data-id=\"eb808a6\" data-element_type=\"column\">\n\t\t\t<div class=\"elementor-column-wrap elementor-element-populated\">\n\t\t\t\t\t\t\t<div class=\"elementor-widget-wrap\">\n\t\t\t\t\t\t<div class=\"elementor-element elementor-element-1011320 elementor-widget elementor-widget-text-editor\" data-id=\"1011320\" data-element_type=\"widget\" data-widget_type=\"text-editor.default\">\n\t\t\t\t<div class=\"elementor-widget-container\">\n\t\t\t\t\t\t\t\t<div class=\"elementor-text-editor elementor-clearfix\">\n\t\t\t\t<p style=\"text-align: center;\"><strong>Kontakt\u00a0 :<\/strong><\/p><p style=\"text-align: center;\">Michal Janou\u0161ek &#8211; tel. 605130057<\/p>\t\t\t\t\t<\/div>\n\t\t\t\t\t\t<\/div>\n\t\t\t\t<\/div>\n\t\t\t\t<div class=\"elementor-element elementor-element-c8e28e6 elementor-shape-circle elementor-grid-0 e-grid-align-center elementor-widget elementor-widget-social-icons\" data-id=\"c8e28e6\" data-element_type=\"widget\" data-widget_type=\"social-icons.default\">\n\t\t\t\t<div class=\"elementor-widget-container\">\n\t\t\t\t\t<div class=\"elementor-social-icons-wrapper elementor-grid\">\n\t\t\t\t\t\t\t<span class=\"elementor-grid-item\">\n\t\t\t\t\t<a class=\"elementor-icon elementor-social-icon elementor-social-icon-facebook elementor-repeater-item-11e5515\" href=\"https:\/\/www.facebook.com\/kapapdobris\" target=\"_blank\">\n\t\t\t\t\t\t<span class=\"elementor-screen-only\">Facebook<\/span>\n\t\t\t\t\t\t<i class=\"fab fa-facebook\"><\/i>\t\t\t\t\t<\/a>\n\t\t\t\t<\/span>\n\t\t\t\t\t<\/div>\n\t\t\t\t<\/div>\n\t\t\t\t<\/div>\n\t\t\t\t\t\t<\/div>\n\t\t\t\t\t<\/div>\n\t\t<\/div>\n\t\t\t\t\t\t\t\t<\/div>\n\t\t\t\t\t<\/div>\n\t\t<\/section>\n\t\t\t\t<section class=\"elementor-section elementor-top-section elementor-element elementor-element-ca5836a elementor-section-boxed elementor-section-height-default elementor-section-height-default\" data-id=\"ca5836a\" data-element_type=\"section\">\n\t\t\t\t\t\t<div class=\"elementor-container elementor-column-gap-default\">\n\t\t\t\t\t\t\t<div class=\"elementor-row\">\n\t\t\t\t\t<div class=\"elementor-column elementor-col-100 elementor-top-column elementor-element elementor-element-3a5a6e0\" data-id=\"3a5a6e0\" data-element_type=\"column\">\n\t\t\t<div class=\"elementor-column-wrap elementor-element-populated\">\n\t\t\t\t\t\t\t<div class=\"elementor-widget-wrap\">\n\t\t\t\t\t\t<div class=\"elementor-element elementor-element-3ee2a39 elementor-arrows-position-inside elementor-pagination-position-outside elementor-widget elementor-widget-image-carousel\" data-id=\"3ee2a39\" data-element_type=\"widget\" data-settings=\"{&quot;navigation&quot;:&quot;both&quot;,&quot;autoplay&quot;:&quot;yes&quot;,&quot;pause_on_hover&quot;:&quot;yes&quot;,&quot;pause_on_interaction&quot;:&quot;yes&quot;,&quot;autoplay_speed&quot;:5000,&quot;infinite&quot;:&quot;yes&quot;,&quot;speed&quot;:500}\" data-widget_type=\"image-carousel.default\">\n\t\t\t\t<div class=\"elementor-widget-container\">\n\t\t\t\t\t<div class=\"elementor-image-carousel-wrapper swiper-container\" dir=\"ltr\">\n\t\t\t<div class=\"elementor-image-carousel swiper-wrapper\">\n\t\t\t\t\t\t\t\t<div class=\"swiper-slide\"><figure class=\"swiper-slide-inner\"><img class=\"swiper-slide-image\" src=\"http:\/\/www.kapap-czech.cz\/wp-content\/uploads\/2018\/11\/181125_zdravokurz_all-300x169.jpg\" alt=\"Kurz Prvn\u00ed pomoci KAPAP CZECH na Dob\u0159\u00ed\u0161i (24-25\/11\/2018)\" \/><figcaption class=\"elementor-image-carousel-caption\">Kurz Prvn\u00ed pomoci KAPAP CZECH na Dob\u0159\u00ed\u0161i (24-25\/11\/2018)<\/figcaption><\/figure><\/div><div class=\"swiper-slide\"><figure class=\"swiper-slide-inner\"><img class=\"swiper-slide-image\" src=\"http:\/\/www.kapap-czech.cz\/wp-content\/uploads\/2019\/04\/190428_dobris_kyusho3-300x199.jpg\" alt=\"Semin\u00e1\u0159 KUYSHO s Mirkem Bro\u017e\u00ed\u010dkem (28\/4\/2019)\" \/><figcaption class=\"elementor-image-carousel-caption\">Semin\u00e1\u0159 KUYSHO s Mirkem Bro\u017e\u00ed\u010dkem (28\/4\/2019)<\/figcaption><\/figure><\/div><div class=\"swiper-slide\"><figure class=\"swiper-slide-inner\"><img class=\"swiper-slide-image\" src=\"http:\/\/www.kapap-czech.cz\/wp-content\/uploads\/2018\/09\/180917_dobris_nabor_deti-300x153.jpg\" alt=\"N\u00e1bor KAPAP KIDS v na\u0161\u00ed nov\u00e9 t\u011blocvi\u010dn\u011b na Dob\u0159\u00ed\u0161i (17\/9\/2018)\" \/><figcaption class=\"elementor-image-carousel-caption\">N\u00e1bor KAPAP KIDS v na\u0161\u00ed nov\u00e9 t\u011blocvi\u010dn\u011b na Dob\u0159\u00ed\u0161i (17\/9\/2018)<\/figcaption><\/figure><\/div><div class=\"swiper-slide\"><figure class=\"swiper-slide-inner\"><img class=\"swiper-slide-image\" src=\"http:\/\/www.kapap-czech.cz\/wp-content\/uploads\/2019\/01\/190106_dobris_woman_4_all-300x182.jpg\" alt=\"4.kurz sebeobrana pro \u017eeny na Dob\u0159\u00ed\u0161i (6\/1\/2019)\" \/><figcaption class=\"elementor-image-carousel-caption\">4.kurz sebeobrana pro \u017eeny na Dob\u0159\u00ed\u0161i (6\/1\/2019)<\/figcaption><\/figure><\/div>\t\t\t<\/div>\n\t\t\t\t\t\t\t\t\t\t\t\t<div class=\"swiper-pagination\"><\/div>\n\t\t\t\t\t\t\t\t\t\t\t\t\t<div class=\"elementor-swiper-button elementor-swiper-button-prev\">\n\t\t\t\t\t\t<i aria-hidden=\"true\" class=\"eicon-chevron-left\"><\/i>\t\t\t\t\t\t<span class=\"elementor-screen-only\">P\u0159edchoz\u00ed<\/span>\n\t\t\t\t\t<\/div>\n\t\t\t\t\t<div class=\"elementor-swiper-button elementor-swiper-button-next\">\n\t\t\t\t\t\t<i aria-hidden=\"true\" class=\"eicon-chevron-right\"><\/i>\t\t\t\t\t\t<span class=\"elementor-screen-only\">Dal\u0161\u00ed<\/span>\n\t\t\t\t\t<\/div>\n\t\t\t\t\t\t\t\t\t<\/div>\n\t\t\t\t<\/div>\n\t\t\t\t<\/div>\n\t\t\t\t\t\t<\/div>\n\t\t\t\t\t<\/div>\n\t\t<\/div>\n\t\t\t\t\t\t\t\t<\/div>\n\t\t\t\t\t<\/div>\n\t\t<\/section>\n\t\t\t\t<section class=\"elementor-section elementor-top-section elementor-element elementor-element-19d84a2 elementor-section-boxed elementor-section-height-default elementor-section-height-default\" data-id=\"19d84a2\" data-element_type=\"section\">\n\t\t\t\t\t\t<div class=\"elementor-container elementor-column-gap-default\">\n\t\t\t\t\t\t\t<div class=\"elementor-row\">\n\t\t\t\t\t<div class=\"elementor-column elementor-col-100 elementor-top-column elementor-element elementor-element-d6df332\" data-id=\"d6df332\" data-element_type=\"column\">\n\t\t\t<div class=\"elementor-column-wrap\">\n\t\t\t\t\t\t\t<div class=\"elementor-widget-wrap\">\n\t\t\t\t\t\t\t\t<\/div>\n\t\t\t\t\t<\/div>\n\t\t<\/div>\n\t\t\t\t\t\t\t\t<\/div>\n\t\t\t\t\t<\/div>\n\t\t<\/section>\n\t\t\t\t\t\t<\/div>\n\t\t\t\t\t\t<\/div>\n\t\t\t\t\t<\/div>\n\t\t","protected":false},"excerpt":{"rendered":"<p>Dob\u0159\u00ed\u0161 Tr\u00e9ninky sebeobrany pro d\u011bti, ml\u00e1de\u017e, dosp\u011bl\u00e9 \u010di seniory. Boj beze zbran\u011b i se zbran\u011bmi (no\u017ee, ty\u010de).\u00a0 Semin\u00e1\u0159e sebeobrany pro\u00a0 \u017eeny Specializovan\u00e9 semin\u00e1\u0159e\u00a0 Rozvrh pravideln\u00fdch tr\u00e9nik\u016f viz n\u00ed\u017ee Letos za\u010d\u00edn\u00e1me n\u00e1borem 15. z\u00e1\u0159\u00ed 2025.&nbsp;&nbsp; Kde n\u00e1s najdete? Are\u00e1l b\u00fdval\u00fdch rukavi\u010dk\u00e1\u0159sk\u00fdch z\u00e1vod\u016f &#8211; budova \u010d\u00edslo 5, p\u0159\u00edzem\u00ed patro T\u011blocvi\u010dna &#8222;Rukavice&#8220; Na Zlat\u00e9 stezce 1055, Dob\u0159\u00ed\u0161 parkovat &hellip; <\/p>\n<p class=\"link-more\"><a href=\"http:\/\/www.kapap-czech.cz\/?page_id=743\" class=\"more-link\">Pokra\u010dovat ve \u010dten\u00ed<span class=\"screen-reader-text\"> &#8222;Dob\u0159\u00ed\u0161&#8220;<\/span><\/a><\/p>\n","protected":false},"author":1,"featured_media":0,"parent":0,"menu_order":0,"comment_status":"closed","ping_status":"closed","template":"elementor_header_footer","meta":[],"aioseo_notices":[],"_links":{"self":[{"href":"http:\/\/www.kapap-czech.cz\/index.php?rest_route=\/wp\/v2\/pages\/743"}],"collection":[{"href":"http:\/\/www.kapap-czech.cz\/index.php?rest_route=\/wp\/v2\/pages"}],"about":[{"href":"http:\/\/www.kapap-czech.cz\/index.php?rest_route=\/wp\/v2\/types\/page"}],"author":[{"embeddable":true,"href":"http:\/\/www.kapap-czech.cz\/index.php?rest_route=\/wp\/v2\/users\/1"}],"replies":[{"embeddable":true,"href":"http:\/\/www.kapap-czech.cz\/index.php?rest_route=%2Fwp%2Fv2%2Fcomments&post=743"}],"version-history":[{"count":72,"href":"http:\/\/www.kapap-czech.cz\/index.php?rest_route=\/wp\/v2\/pages\/743\/revisions"}],"predecessor-version":[{"id":4309,"href":"http:\/\/www.kapap-czech.cz\/index.php?rest_route=\/wp\/v2\/pages\/743\/revisions\/4309"}],"wp:attachment":[{"href":"http:\/\/www.kapap-czech.cz\/index.php?rest_route=%2Fwp%2Fv2%2Fmedia&parent=743"}],"curies":[{"name":"wp","href":"https:\/\/api.w.org\/{rel}","templated":true}]}}