{"id":783,"date":"2019-07-30T11:00:29","date_gmt":"2019-07-30T10:00:29","guid":{"rendered":"http:\/\/www.kapap-czech.cz\/?page_id=783"},"modified":"2025-08-30T20:39:38","modified_gmt":"2025-08-30T19:39:38","slug":"sedlcany","status":"publish","type":"page","link":"http:\/\/www.kapap-czech.cz\/?page_id=783","title":{"rendered":"Sedl\u010dany"},"content":{"rendered":"\t\t<div data-elementor-type=\"wp-post\" data-elementor-id=\"783\" class=\"elementor elementor-783\" data-elementor-settings=\"[]\">\n\t\t\t\t\t\t<div class=\"elementor-inner\">\n\t\t\t\t\t\t\t<div class=\"elementor-section-wrap\">\n\t\t\t\t\t\t\t<section class=\"elementor-section elementor-top-section elementor-element elementor-element-dd5a19c elementor-section-boxed elementor-section-height-default elementor-section-height-default\" data-id=\"dd5a19c\" data-element_type=\"section\">\n\t\t\t\t\t\t<div class=\"elementor-container elementor-column-gap-default\">\n\t\t\t\t\t\t\t<div class=\"elementor-row\">\n\t\t\t\t\t<div class=\"elementor-column elementor-col-100 elementor-top-column elementor-element elementor-element-a6a414a\" data-id=\"a6a414a\" data-element_type=\"column\">\n\t\t\t<div class=\"elementor-column-wrap elementor-element-populated\">\n\t\t\t\t\t\t\t<div class=\"elementor-widget-wrap\">\n\t\t\t\t\t\t<div class=\"elementor-element elementor-element-58024a0 elementor-widget elementor-widget-heading\" data-id=\"58024a0\" data-element_type=\"widget\" data-widget_type=\"heading.default\">\n\t\t\t\t<div class=\"elementor-widget-container\">\n\t\t\t<h2 class=\"elementor-heading-title elementor-size-default\">Sedl\u010dany<\/h2>\t\t<\/div>\n\t\t\t\t<\/div>\n\t\t\t\t<div class=\"elementor-element elementor-element-1629618 elementor-widget elementor-widget-text-editor\" data-id=\"1629618\" data-element_type=\"widget\" data-widget_type=\"text-editor.default\">\n\t\t\t\t<div class=\"elementor-widget-container\">\n\t\t\t\t\t\t\t\t<div class=\"elementor-text-editor elementor-clearfix\">\n\t\t\t\t<p>Kurzy sebeobrany pro d\u011bti, ml\u00e1de\u017e a dosp\u011bl\u00e9<br><\/p>\t\t\t\t\t<\/div>\n\t\t\t\t\t\t<\/div>\n\t\t\t\t<\/div>\n\t\t\t\t<div class=\"elementor-element elementor-element-8bc7724 elementor-widget-divider--view-line elementor-widget elementor-widget-divider\" data-id=\"8bc7724\" data-element_type=\"widget\" data-widget_type=\"divider.default\">\n\t\t\t\t<div class=\"elementor-widget-container\">\n\t\t\t\t\t<div class=\"elementor-divider\">\n\t\t\t<span class=\"elementor-divider-separator\">\n\t\t\t\t\t\t<\/span>\n\t\t<\/div>\n\t\t\t\t<\/div>\n\t\t\t\t<\/div>\n\t\t\t\t\t\t<\/div>\n\t\t\t\t\t<\/div>\n\t\t<\/div>\n\t\t\t\t\t\t\t\t<\/div>\n\t\t\t\t\t<\/div>\n\t\t<\/section>\n\t\t\t\t<section class=\"elementor-section elementor-top-section elementor-element elementor-element-d1d53d8 elementor-section-boxed elementor-section-height-default elementor-section-height-default\" data-id=\"d1d53d8\" data-element_type=\"section\">\n\t\t\t\t\t\t<div class=\"elementor-container elementor-column-gap-default\">\n\t\t\t\t\t\t\t<div class=\"elementor-row\">\n\t\t\t\t\t<div class=\"elementor-column elementor-col-100 elementor-top-column elementor-element elementor-element-684fc15\" data-id=\"684fc15\" data-element_type=\"column\">\n\t\t\t<div class=\"elementor-column-wrap elementor-element-populated\">\n\t\t\t\t\t\t\t<div class=\"elementor-widget-wrap\">\n\t\t\t\t\t\t<div class=\"elementor-element elementor-element-bda1920 elementor-widget elementor-widget-text-editor\" data-id=\"bda1920\" data-element_type=\"widget\" data-widget_type=\"text-editor.default\">\n\t\t\t\t<div class=\"elementor-widget-container\">\n\t\t\t\t\t\t\t\t<div class=\"elementor-text-editor elementor-clearfix\">\n\t\t\t\t<p>N\u00e1bor&nbsp;nov\u00fdch \u010dlen\u016f prob\u011bhne ve st\u0159edu<strong>&nbsp;24<\/strong><span style=\"font-weight: bold;\">. z\u00e1\u0159\u00ed<\/span>&nbsp; 2025\u2013 nov\u00e9 tv\u00e1\u0159e p\u0159ib\u00edr\u00e1me i pozd\u011bji&nbsp; (podle kapacity)<\/p>\n<p><span style=\"font-size: 1rem; font-weight: bold;\"><em>S sebou :<\/em>&nbsp;<\/span><span style=\"font-size: 1rem;\">s\u00e1lov\u00e1 obuv a sportovn\u00ed oble\u010den\u00ed,&nbsp; pit\u00ed.<\/span><\/p>\t\t\t\t\t<\/div>\n\t\t\t\t\t\t<\/div>\n\t\t\t\t<\/div>\n\t\t\t\t<div class=\"elementor-element elementor-element-c3cdeb4 elementor-widget-divider--view-line elementor-widget elementor-widget-divider\" data-id=\"c3cdeb4\" data-element_type=\"widget\" data-widget_type=\"divider.default\">\n\t\t\t\t<div class=\"elementor-widget-container\">\n\t\t\t\t\t<div class=\"elementor-divider\">\n\t\t\t<span class=\"elementor-divider-separator\">\n\t\t\t\t\t\t<\/span>\n\t\t<\/div>\n\t\t\t\t<\/div>\n\t\t\t\t<\/div>\n\t\t\t\t\t\t<\/div>\n\t\t\t\t\t<\/div>\n\t\t<\/div>\n\t\t\t\t\t\t\t\t<\/div>\n\t\t\t\t\t<\/div>\n\t\t<\/section>\n\t\t\t\t<section class=\"elementor-section elementor-top-section elementor-element elementor-element-1698217 elementor-section-boxed elementor-section-height-default elementor-section-height-default\" data-id=\"1698217\" data-element_type=\"section\">\n\t\t\t\t\t\t<div class=\"elementor-container elementor-column-gap-default\">\n\t\t\t\t\t\t\t<div class=\"elementor-row\">\n\t\t\t\t\t<div class=\"elementor-column elementor-col-50 elementor-top-column elementor-element elementor-element-4359cd5\" data-id=\"4359cd5\" data-element_type=\"column\">\n\t\t\t<div class=\"elementor-column-wrap elementor-element-populated\">\n\t\t\t\t\t\t\t<div class=\"elementor-widget-wrap\">\n\t\t\t\t\t\t<div class=\"elementor-element elementor-element-c2ba7e5 elementor-widget elementor-widget-text-editor\" data-id=\"c2ba7e5\" data-element_type=\"widget\" data-widget_type=\"text-editor.default\">\n\t\t\t\t<div class=\"elementor-widget-container\">\n\t\t\t\t\t\t\t\t<div class=\"elementor-text-editor elementor-clearfix\">\n\t\t\t\t<p><strong>Kde tr\u00e9nujeme?<\/strong><\/p><p>T\u011blocvi\u010dna gymn\u00e1zia\u00a0 &#8211; vstup zezadu\u00a0 z ulice Lu\u010dn\u00ed od b\u00fdval\u00e9ho softbalov\u00e9ho h\u0159i\u0161t<span style=\"font-size: 1rem;\">\u011b<\/span><\/p><p><span style=\"font-size: 1rem;\">N\u00e1dra\u017en\u00ed 90, Sedl\u010dany\u00a0<\/span><\/p><p><span style=\"font-size: 1rem;\"><a href=\"http:\/\/www.kapap-czech.cz\/wp-content\/uploads\/2019\/08\/500d2a3bbd31c.jpg\"><img loading=\"lazy\" class=\"aligncenter size-medium wp-image-915\" src=\"http:\/\/www.kapap-czech.cz\/wp-content\/uploads\/2019\/08\/500d2a3bbd31c-300x225.jpg\" alt=\"\" width=\"300\" height=\"225\" srcset=\"http:\/\/www.kapap-czech.cz\/wp-content\/uploads\/2019\/08\/500d2a3bbd31c-300x225.jpg 300w, http:\/\/www.kapap-czech.cz\/wp-content\/uploads\/2019\/08\/500d2a3bbd31c.jpg 640w\" sizes=\"(max-width: 300px) 100vw, 300px\" \/><\/a><\/span><\/p>\t\t\t\t\t<\/div>\n\t\t\t\t\t\t<\/div>\n\t\t\t\t<\/div>\n\t\t\t\t\t\t<\/div>\n\t\t\t\t\t<\/div>\n\t\t<\/div>\n\t\t\t\t<div class=\"elementor-column elementor-col-50 elementor-top-column elementor-element elementor-element-eb409de\" data-id=\"eb409de\" data-element_type=\"column\">\n\t\t\t<div class=\"elementor-column-wrap elementor-element-populated\">\n\t\t\t\t\t\t\t<div class=\"elementor-widget-wrap\">\n\t\t\t\t\t\t<div class=\"elementor-element elementor-element-b1cc41b elementor-widget elementor-widget-google_maps\" data-id=\"b1cc41b\" data-element_type=\"widget\" data-widget_type=\"google_maps.default\">\n\t\t\t\t<div class=\"elementor-widget-container\">\n\t\t\t\t\t<div class=\"elementor-custom-embed\">\n\t\t\t<iframe frameborder=\"0\" scrolling=\"no\" marginheight=\"0\" marginwidth=\"0\"\n\t\t\t\t\tsrc=\"https:\/\/maps.google.com\/maps?q=N%C3%A1dra%C5%BEn%C3%AD%2090%2C%20Sedl%C4%8Dany&#038;t=m&#038;z=16&#038;output=embed&#038;iwloc=near\"\n\t\t\t\t\ttitle=\"N\u00e1dra\u017en\u00ed 90, Sedl\u010dany\"\n\t\t\t\t\taria-label=\"N\u00e1dra\u017en\u00ed 90, Sedl\u010dany\"\n\t\t\t><\/iframe>\n\t\t<\/div>\n\t\t\t\t<\/div>\n\t\t\t\t<\/div>\n\t\t\t\t\t\t<\/div>\n\t\t\t\t\t<\/div>\n\t\t<\/div>\n\t\t\t\t\t\t\t\t<\/div>\n\t\t\t\t\t<\/div>\n\t\t<\/section>\n\t\t\t\t<section class=\"elementor-section elementor-top-section elementor-element elementor-element-9fdb0a6 elementor-section-boxed elementor-section-height-default elementor-section-height-default\" data-id=\"9fdb0a6\" data-element_type=\"section\">\n\t\t\t\t\t\t<div class=\"elementor-container elementor-column-gap-default\">\n\t\t\t\t\t\t\t<div class=\"elementor-row\">\n\t\t\t\t\t<div class=\"elementor-column elementor-col-100 elementor-top-column elementor-element elementor-element-a900d99\" data-id=\"a900d99\" data-element_type=\"column\">\n\t\t\t<div class=\"elementor-column-wrap elementor-element-populated\">\n\t\t\t\t\t\t\t<div class=\"elementor-widget-wrap\">\n\t\t\t\t\t\t<div class=\"elementor-element elementor-element-0091366 elementor-widget-divider--view-line elementor-widget elementor-widget-divider\" data-id=\"0091366\" data-element_type=\"widget\" data-widget_type=\"divider.default\">\n\t\t\t\t<div class=\"elementor-widget-container\">\n\t\t\t\t\t<div class=\"elementor-divider\">\n\t\t\t<span class=\"elementor-divider-separator\">\n\t\t\t\t\t\t<\/span>\n\t\t<\/div>\n\t\t\t\t<\/div>\n\t\t\t\t<\/div>\n\t\t\t\t\t\t<\/div>\n\t\t\t\t\t<\/div>\n\t\t<\/div>\n\t\t\t\t\t\t\t\t<\/div>\n\t\t\t\t\t<\/div>\n\t\t<\/section>\n\t\t\t\t<section class=\"elementor-section elementor-top-section elementor-element elementor-element-2195bde elementor-section-boxed elementor-section-height-default elementor-section-height-default\" data-id=\"2195bde\" data-element_type=\"section\">\n\t\t\t\t\t\t<div class=\"elementor-container elementor-column-gap-default\">\n\t\t\t\t\t\t\t<div class=\"elementor-row\">\n\t\t\t\t\t<div class=\"elementor-column elementor-col-50 elementor-top-column elementor-element elementor-element-d9cfd64\" data-id=\"d9cfd64\" data-element_type=\"column\">\n\t\t\t<div class=\"elementor-column-wrap elementor-element-populated\">\n\t\t\t\t\t\t\t<div class=\"elementor-widget-wrap\">\n\t\t\t\t\t\t<div class=\"elementor-element elementor-element-07b6131 elementor-widget elementor-widget-text-editor\" data-id=\"07b6131\" data-element_type=\"widget\" data-widget_type=\"text-editor.default\">\n\t\t\t\t<div class=\"elementor-widget-container\">\n\t\t\t\t\t\t\t\t<div class=\"elementor-text-editor elementor-clearfix\">\n\t\t\t\t<p><strong>Rozvrh :<\/strong><\/p>\n<p><em><strong>St\u0159eda<\/strong><\/em><\/p>\n<p><span style=\"font-size: 1rem;\">17.30 <\/span><span style=\"font-size: 1rem;\">&#8211; 18.25&nbsp; &nbsp; &nbsp;\u0160kol\u00e1ci&nbsp; (8-13 let )&nbsp;<\/span><\/p>\n<p>18.30 &#8211; 20.00&nbsp; &nbsp;Dosp\u011bl\u00ed a ml\u00e1de\u017e (od 14 let)<\/p>\t\t\t\t\t<\/div>\n\t\t\t\t\t\t<\/div>\n\t\t\t\t<\/div>\n\t\t\t\t\t\t<\/div>\n\t\t\t\t\t<\/div>\n\t\t<\/div>\n\t\t\t\t<div class=\"elementor-column elementor-col-50 elementor-top-column elementor-element elementor-element-0ecab18\" data-id=\"0ecab18\" data-element_type=\"column\">\n\t\t\t<div class=\"elementor-column-wrap elementor-element-populated\">\n\t\t\t\t\t\t\t<div class=\"elementor-widget-wrap\">\n\t\t\t\t\t\t<div class=\"elementor-element elementor-element-4b087be elementor-widget elementor-widget-text-editor\" data-id=\"4b087be\" data-element_type=\"widget\" data-widget_type=\"text-editor.default\">\n\t\t\t\t<div class=\"elementor-widget-container\">\n\t\t\t\t\t\t\t\t<div class=\"elementor-text-editor elementor-clearfix\">\n\t\t\t\t<p><span style=\"text-decoration: underline;\"><strong>Kontakty<\/strong><\/span><\/p><p>Michal Janou\u0161ek\u00a0 &#8211; tel.\u00a0 605130057<\/p>\t\t\t\t\t<\/div>\n\t\t\t\t\t\t<\/div>\n\t\t\t\t<\/div>\n\t\t\t\t<div class=\"elementor-element elementor-element-6294d7f e-grid-align-left elementor-shape-rounded elementor-grid-0 elementor-widget elementor-widget-social-icons\" data-id=\"6294d7f\" data-element_type=\"widget\" data-widget_type=\"social-icons.default\">\n\t\t\t\t<div class=\"elementor-widget-container\">\n\t\t\t\t\t<div class=\"elementor-social-icons-wrapper elementor-grid\">\n\t\t\t\t\t\t\t<span class=\"elementor-grid-item\">\n\t\t\t\t\t<a class=\"elementor-icon elementor-social-icon elementor-social-icon-facebook elementor-repeater-item-5c21262\" href=\"https:\/\/www.facebook.com\/kapapsedlcany\/\" target=\"_blank\">\n\t\t\t\t\t\t<span class=\"elementor-screen-only\">Facebook<\/span>\n\t\t\t\t\t\t<i class=\"fab fa-facebook\"><\/i>\t\t\t\t\t<\/a>\n\t\t\t\t<\/span>\n\t\t\t\t\t<\/div>\n\t\t\t\t<\/div>\n\t\t\t\t<\/div>\n\t\t\t\t\t\t<\/div>\n\t\t\t\t\t<\/div>\n\t\t<\/div>\n\t\t\t\t\t\t\t\t<\/div>\n\t\t\t\t\t<\/div>\n\t\t<\/section>\n\t\t\t\t<section class=\"elementor-section elementor-top-section elementor-element elementor-element-35a144f elementor-section-boxed elementor-section-height-default elementor-section-height-default\" data-id=\"35a144f\" data-element_type=\"section\">\n\t\t\t\t\t\t<div class=\"elementor-container elementor-column-gap-default\">\n\t\t\t\t\t\t\t<div class=\"elementor-row\">\n\t\t\t\t\t<div class=\"elementor-column elementor-col-100 elementor-top-column elementor-element elementor-element-6d578e8\" data-id=\"6d578e8\" data-element_type=\"column\">\n\t\t\t<div class=\"elementor-column-wrap elementor-element-populated\">\n\t\t\t\t\t\t\t<div class=\"elementor-widget-wrap\">\n\t\t\t\t\t\t<div class=\"elementor-element elementor-element-8a830b8 elementor-arrows-position-inside elementor-pagination-position-outside elementor-widget elementor-widget-image-carousel\" data-id=\"8a830b8\" data-element_type=\"widget\" data-settings=\"{&quot;navigation&quot;:&quot;both&quot;,&quot;autoplay&quot;:&quot;yes&quot;,&quot;pause_on_hover&quot;:&quot;yes&quot;,&quot;pause_on_interaction&quot;:&quot;yes&quot;,&quot;autoplay_speed&quot;:5000,&quot;infinite&quot;:&quot;yes&quot;,&quot;speed&quot;:500}\" data-widget_type=\"image-carousel.default\">\n\t\t\t\t<div class=\"elementor-widget-container\">\n\t\t\t\t\t<div class=\"elementor-image-carousel-wrapper swiper-container\" dir=\"ltr\">\n\t\t\t<div class=\"elementor-image-carousel swiper-wrapper\">\n\t\t\t\t\t\t\t\t<div class=\"swiper-slide\"><figure class=\"swiper-slide-inner\"><img class=\"swiper-slide-image\" src=\"http:\/\/www.kapap-czech.cz\/wp-content\/uploads\/2018\/09\/180911_sedlcany_kids-300x137.jpg\" alt=\"N\u00e1bor KAPAP KIDS v Sedl\u010danech (11\/9\/2018)\" \/><\/figure><\/div><div class=\"swiper-slide\"><figure class=\"swiper-slide-inner\"><img class=\"swiper-slide-image\" src=\"http:\/\/www.kapap-czech.cz\/wp-content\/uploads\/2018\/09\/180911_sedlcany_dospeli-300x146.jpg\" alt=\"N\u00e1bor KAPAP CZECH v Sedl\u010danech - v\u00fdcvik ml\u00e1de\u017e a dosp\u011bl\u00ed (11\/9\/2018)\" \/><\/figure><\/div><div class=\"swiper-slide\"><figure class=\"swiper-slide-inner\"><img class=\"swiper-slide-image\" src=\"http:\/\/www.kapap-czech.cz\/wp-content\/uploads\/2019\/03\/190331_sedlcany_kapap_woman_web-300x116.jpg\" alt=\"Kurz sebeobrany \u017een v Sedl\u010danech (31\/3\/2019)\" \/><\/figure><\/div>\t\t\t<\/div>\n\t\t\t\t\t\t\t\t\t\t\t\t<div class=\"swiper-pagination\"><\/div>\n\t\t\t\t\t\t\t\t\t\t\t\t\t<div class=\"elementor-swiper-button elementor-swiper-button-prev\">\n\t\t\t\t\t\t<i aria-hidden=\"true\" class=\"eicon-chevron-left\"><\/i>\t\t\t\t\t\t<span class=\"elementor-screen-only\">P\u0159edchoz\u00ed<\/span>\n\t\t\t\t\t<\/div>\n\t\t\t\t\t<div class=\"elementor-swiper-button elementor-swiper-button-next\">\n\t\t\t\t\t\t<i aria-hidden=\"true\" class=\"eicon-chevron-right\"><\/i>\t\t\t\t\t\t<span class=\"elementor-screen-only\">Dal\u0161\u00ed<\/span>\n\t\t\t\t\t<\/div>\n\t\t\t\t\t\t\t\t\t<\/div>\n\t\t\t\t<\/div>\n\t\t\t\t<\/div>\n\t\t\t\t\t\t<\/div>\n\t\t\t\t\t<\/div>\n\t\t<\/div>\n\t\t\t\t\t\t\t\t<\/div>\n\t\t\t\t\t<\/div>\n\t\t<\/section>\n\t\t\t\t\t\t<\/div>\n\t\t\t\t\t\t<\/div>\n\t\t\t\t\t<\/div>\n\t\t","protected":false},"excerpt":{"rendered":"<p>Sedl\u010dany Kurzy sebeobrany pro d\u011bti, ml\u00e1de\u017e a dosp\u011bl\u00e9 N\u00e1bor&nbsp;nov\u00fdch \u010dlen\u016f prob\u011bhne ve st\u0159edu&nbsp;24. z\u00e1\u0159\u00ed&nbsp; 2025\u2013 nov\u00e9 tv\u00e1\u0159e p\u0159ib\u00edr\u00e1me i pozd\u011bji&nbsp; (podle kapacity) S sebou :&nbsp;s\u00e1lov\u00e1 obuv a sportovn\u00ed oble\u010den\u00ed,&nbsp; pit\u00ed. Kde tr\u00e9nujeme? T\u011blocvi\u010dna gymn\u00e1zia\u00a0 &#8211; vstup zezadu\u00a0 z ulice Lu\u010dn\u00ed od b\u00fdval\u00e9ho softbalov\u00e9ho h\u0159i\u0161t\u011b N\u00e1dra\u017en\u00ed 90, Sedl\u010dany\u00a0 Rozvrh : St\u0159eda 17.30 &#8211; 18.25&nbsp; &nbsp; &nbsp;\u0160kol\u00e1ci&nbsp; &hellip; <\/p>\n<p class=\"link-more\"><a href=\"http:\/\/www.kapap-czech.cz\/?page_id=783\" class=\"more-link\">Pokra\u010dovat ve \u010dten\u00ed<span class=\"screen-reader-text\"> &#8222;Sedl\u010dany&#8220;<\/span><\/a><\/p>\n","protected":false},"author":1,"featured_media":0,"parent":0,"menu_order":0,"comment_status":"closed","ping_status":"closed","template":"elementor_header_footer","meta":[],"aioseo_notices":[],"_links":{"self":[{"href":"http:\/\/www.kapap-czech.cz\/index.php?rest_route=\/wp\/v2\/pages\/783"}],"collection":[{"href":"http:\/\/www.kapap-czech.cz\/index.php?rest_route=\/wp\/v2\/pages"}],"about":[{"href":"http:\/\/www.kapap-czech.cz\/index.php?rest_route=\/wp\/v2\/types\/page"}],"author":[{"embeddable":true,"href":"http:\/\/www.kapap-czech.cz\/index.php?rest_route=\/wp\/v2\/users\/1"}],"replies":[{"embeddable":true,"href":"http:\/\/www.kapap-czech.cz\/index.php?rest_route=%2Fwp%2Fv2%2Fcomments&post=783"}],"version-history":[{"count":35,"href":"http:\/\/www.kapap-czech.cz\/index.php?rest_route=\/wp\/v2\/pages\/783\/revisions"}],"predecessor-version":[{"id":4369,"href":"http:\/\/www.kapap-czech.cz\/index.php?rest_route=\/wp\/v2\/pages\/783\/revisions\/4369"}],"wp:attachment":[{"href":"http:\/\/www.kapap-czech.cz\/index.php?rest_route=%2Fwp%2Fv2%2Fmedia&parent=783"}],"curies":[{"name":"wp","href":"https:\/\/api.w.org\/{rel}","templated":true}]}}