{"id":784,"date":"2019-07-30T11:00:34","date_gmt":"2019-07-30T10:00:34","guid":{"rendered":"http:\/\/www.kapap-czech.cz\/?page_id=784"},"modified":"2025-08-30T20:38:30","modified_gmt":"2025-08-30T19:38:30","slug":"pribram","status":"publish","type":"page","link":"http:\/\/www.kapap-czech.cz\/?page_id=784","title":{"rendered":"P\u0159\u00edbram"},"content":{"rendered":"\t\t<div data-elementor-type=\"wp-post\" data-elementor-id=\"784\" class=\"elementor elementor-784\" data-elementor-settings=\"[]\">\n\t\t\t\t\t\t<div class=\"elementor-inner\">\n\t\t\t\t\t\t\t<div class=\"elementor-section-wrap\">\n\t\t\t\t\t\t\t<section class=\"elementor-section elementor-top-section elementor-element elementor-element-f2a80ed elementor-section-boxed elementor-section-height-default elementor-section-height-default\" data-id=\"f2a80ed\" data-element_type=\"section\">\n\t\t\t\t\t\t<div class=\"elementor-container elementor-column-gap-default\">\n\t\t\t\t\t\t\t<div class=\"elementor-row\">\n\t\t\t\t\t<div class=\"elementor-column elementor-col-100 elementor-top-column elementor-element elementor-element-0fed7d6\" data-id=\"0fed7d6\" data-element_type=\"column\">\n\t\t\t<div class=\"elementor-column-wrap elementor-element-populated\">\n\t\t\t\t\t\t\t<div class=\"elementor-widget-wrap\">\n\t\t\t\t\t\t<div class=\"elementor-element elementor-element-aa026c0 elementor-widget elementor-widget-heading\" data-id=\"aa026c0\" data-element_type=\"widget\" data-widget_type=\"heading.default\">\n\t\t\t\t<div class=\"elementor-widget-container\">\n\t\t\t<h2 class=\"elementor-heading-title elementor-size-default\">P\u0159\u00edbram <\/h2>\t\t<\/div>\n\t\t\t\t<\/div>\n\t\t\t\t<div class=\"elementor-element elementor-element-51e5120 elementor-widget elementor-widget-text-editor\" data-id=\"51e5120\" data-element_type=\"widget\" data-widget_type=\"text-editor.default\">\n\t\t\t\t<div class=\"elementor-widget-container\">\n\t\t\t\t\t\t\t\t<div class=\"elementor-text-editor elementor-clearfix\">\n\t\t\t\t<ul><li>Sebeobrana pro p\u0159ed\u0161kol\u00e1ky, \u0161kol\u00e1ky, ml\u00e1de\u017e i dosp\u011bl\u00e9<\/li><li>Kurzy sebeobrany pro \u017eeny<\/li><\/ul>\t\t\t\t\t<\/div>\n\t\t\t\t\t\t<\/div>\n\t\t\t\t<\/div>\n\t\t\t\t<div class=\"elementor-element elementor-element-634433c elementor-widget-divider--view-line elementor-widget elementor-widget-divider\" data-id=\"634433c\" data-element_type=\"widget\" data-widget_type=\"divider.default\">\n\t\t\t\t<div class=\"elementor-widget-container\">\n\t\t\t\t\t<div class=\"elementor-divider\">\n\t\t\t<span class=\"elementor-divider-separator\">\n\t\t\t\t\t\t<\/span>\n\t\t<\/div>\n\t\t\t\t<\/div>\n\t\t\t\t<\/div>\n\t\t\t\t<div class=\"elementor-element elementor-element-47a5c18 elementor-widget elementor-widget-text-editor\" data-id=\"47a5c18\" data-element_type=\"widget\" data-widget_type=\"text-editor.default\">\n\t\t\t\t<div class=\"elementor-widget-container\">\n\t\t\t\t\t\t\t\t<div class=\"elementor-text-editor elementor-clearfix\">\n\t\t\t\t<p><span style=\"font-weight: bold;\">N\u00e1bor pro dosp\u011bl\u00e9 a ml\u00e1de\u017e 14+<\/span>&nbsp;prob\u011bhne <strong>16. z\u00e1\u0159\u00ed&nbsp;<\/strong>2025&nbsp; od 19.00&nbsp; \u2013 nov\u00e9 tv\u00e1\u0159e p\u0159ib\u00edr\u00e1me i pozd\u011bji b\u011bhem z\u00e1\u0159\u00ed&nbsp; (dle kapacity lekc\u00ed)<\/p>\n<p><strong>N\u00e1bor pro d\u011bti&nbsp;<\/strong> prob\u011bhne&nbsp; 18<strong>. z\u00e1\u0159\u00ed 2025&nbsp;<\/strong> dle harmonogramu<\/p>\n<p>Bojov\u00e1 p\u0159\u00edpravka<span style=\"font-size: 1rem; color: #333399;\"><em>&nbsp;(4-7 let)&nbsp;<\/em>&nbsp;<\/span><span style=\"font-size: 1rem;\">&nbsp; &nbsp; &nbsp; &nbsp; &nbsp; &nbsp; &nbsp; &nbsp; &nbsp; &nbsp; &nbsp; &nbsp; &nbsp; &nbsp; &nbsp; &nbsp; &nbsp; &nbsp; &nbsp; &nbsp; &nbsp;od 16.00&nbsp; &nbsp; &nbsp; &nbsp;<\/span><span style=\"font-size: 1rem; color: #333399;\">&nbsp;<\/span><\/p>\n<p><em><span style=\"color: #333399;\">D\u011bti&nbsp; (8-13 let<\/span>)&nbsp; &nbsp; od 3. t\u0159\u00eddy Z\u0160&nbsp; &nbsp; &nbsp; &nbsp; &nbsp; &nbsp; &nbsp; &nbsp; &nbsp; &nbsp; &nbsp; &nbsp; &nbsp;&nbsp;<\/em>&nbsp; &nbsp; &nbsp; &nbsp; &nbsp;od 17.OO&nbsp; &nbsp; &nbsp; &nbsp;<span style=\"color: #333399;\">&nbsp;&nbsp;<\/span><\/p>\n<p><span style=\"font-size: 1rem; font-weight: bold;\"><em>S sebou :<\/em>&nbsp;<\/span><span style=\"font-size: 1rem;\">s\u00e1lov\u00e1 obuv a sportovn\u00ed oble\u010den\u00ed,&nbsp; pit\u00ed<\/span><\/p>\t\t\t\t\t<\/div>\n\t\t\t\t\t\t<\/div>\n\t\t\t\t<\/div>\n\t\t\t\t<div class=\"elementor-element elementor-element-eb6f1a4 elementor-widget-divider--view-line elementor-widget elementor-widget-divider\" data-id=\"eb6f1a4\" data-element_type=\"widget\" data-widget_type=\"divider.default\">\n\t\t\t\t<div class=\"elementor-widget-container\">\n\t\t\t\t\t<div class=\"elementor-divider\">\n\t\t\t<span class=\"elementor-divider-separator\">\n\t\t\t\t\t\t<\/span>\n\t\t<\/div>\n\t\t\t\t<\/div>\n\t\t\t\t<\/div>\n\t\t\t\t\t\t<\/div>\n\t\t\t\t\t<\/div>\n\t\t<\/div>\n\t\t\t\t\t\t\t\t<\/div>\n\t\t\t\t\t<\/div>\n\t\t<\/section>\n\t\t\t\t<section class=\"elementor-section elementor-top-section elementor-element elementor-element-c9ab7d3 elementor-section-boxed elementor-section-height-default elementor-section-height-default\" data-id=\"c9ab7d3\" data-element_type=\"section\">\n\t\t\t\t\t\t<div class=\"elementor-container elementor-column-gap-default\">\n\t\t\t\t\t\t\t<div class=\"elementor-row\">\n\t\t\t\t\t<div class=\"elementor-column elementor-col-50 elementor-top-column elementor-element elementor-element-1858dd1\" data-id=\"1858dd1\" data-element_type=\"column\">\n\t\t\t<div class=\"elementor-column-wrap elementor-element-populated\">\n\t\t\t\t\t\t\t<div class=\"elementor-widget-wrap\">\n\t\t\t\t\t\t<div class=\"elementor-element elementor-element-24b2bbe elementor-widget elementor-widget-text-editor\" data-id=\"24b2bbe\" data-element_type=\"widget\" data-widget_type=\"text-editor.default\">\n\t\t\t\t<div class=\"elementor-widget-container\">\n\t\t\t\t\t\t\t\t<div class=\"elementor-text-editor elementor-clearfix\">\n\t\t\t\t<p><strong>Kde tr\u00e9nujeme?<\/strong><\/p><p>Boxerna\u00a0 (b\u00fdval\u00e9 RS fitness) ve dvo\u0159e\u00a0<\/p><p><span style=\"font-size: 1rem;\">Mixova 165, P\u0159\u00edbram\u00a0\u00a0<\/span><\/p><p><a href=\"http:\/\/www.kapap-czech.cz\/wp-content\/uploads\/2023\/08\/mixova.jpg\"><img loading=\"lazy\" class=\"aligncenter size-medium wp-image-3417\" src=\"http:\/\/www.kapap-czech.cz\/wp-content\/uploads\/2023\/08\/mixova-231x300.jpg\" alt=\"\" width=\"231\" height=\"300\" srcset=\"http:\/\/www.kapap-czech.cz\/wp-content\/uploads\/2023\/08\/mixova-231x300.jpg 231w, http:\/\/www.kapap-czech.cz\/wp-content\/uploads\/2023\/08\/mixova.jpg 579w\" sizes=\"(max-width: 231px) 100vw, 231px\" \/><\/a><\/p><p>\u00a0<\/p>\t\t\t\t\t<\/div>\n\t\t\t\t\t\t<\/div>\n\t\t\t\t<\/div>\n\t\t\t\t\t\t<\/div>\n\t\t\t\t\t<\/div>\n\t\t<\/div>\n\t\t\t\t<div class=\"elementor-column elementor-col-50 elementor-top-column elementor-element elementor-element-4c45f5b\" data-id=\"4c45f5b\" data-element_type=\"column\">\n\t\t\t<div class=\"elementor-column-wrap elementor-element-populated\">\n\t\t\t\t\t\t\t<div class=\"elementor-widget-wrap\">\n\t\t\t\t\t\t<div class=\"elementor-element elementor-element-9f3d642 elementor-widget elementor-widget-google_maps\" data-id=\"9f3d642\" data-element_type=\"widget\" data-widget_type=\"google_maps.default\">\n\t\t\t\t<div class=\"elementor-widget-container\">\n\t\t\t\t\t<div class=\"elementor-custom-embed\">\n\t\t\t<iframe frameborder=\"0\" scrolling=\"no\" marginheight=\"0\" marginwidth=\"0\"\n\t\t\t\t\tsrc=\"https:\/\/maps.google.com\/maps?q=Mixova%20165%2C%20P%C5%99%C3%ADbram&#038;t=m&#038;z=15&#038;output=embed&#038;iwloc=near\"\n\t\t\t\t\ttitle=\"Mixova 165, P\u0159\u00edbram\"\n\t\t\t\t\taria-label=\"Mixova 165, P\u0159\u00edbram\"\n\t\t\t><\/iframe>\n\t\t<\/div>\n\t\t\t\t<\/div>\n\t\t\t\t<\/div>\n\t\t\t\t\t\t<\/div>\n\t\t\t\t\t<\/div>\n\t\t<\/div>\n\t\t\t\t\t\t\t\t<\/div>\n\t\t\t\t\t<\/div>\n\t\t<\/section>\n\t\t\t\t<section class=\"elementor-section elementor-top-section elementor-element elementor-element-785ead8 elementor-section-boxed elementor-section-height-default elementor-section-height-default\" data-id=\"785ead8\" data-element_type=\"section\">\n\t\t\t\t\t\t<div class=\"elementor-container elementor-column-gap-default\">\n\t\t\t\t\t\t\t<div class=\"elementor-row\">\n\t\t\t\t\t<div class=\"elementor-column elementor-col-100 elementor-top-column elementor-element elementor-element-5b0d941\" data-id=\"5b0d941\" data-element_type=\"column\">\n\t\t\t<div class=\"elementor-column-wrap elementor-element-populated\">\n\t\t\t\t\t\t\t<div class=\"elementor-widget-wrap\">\n\t\t\t\t\t\t<div class=\"elementor-element elementor-element-6abea69 elementor-widget-divider--view-line elementor-widget elementor-widget-divider\" data-id=\"6abea69\" data-element_type=\"widget\" data-widget_type=\"divider.default\">\n\t\t\t\t<div class=\"elementor-widget-container\">\n\t\t\t\t\t<div class=\"elementor-divider\">\n\t\t\t<span class=\"elementor-divider-separator\">\n\t\t\t\t\t\t<\/span>\n\t\t<\/div>\n\t\t\t\t<\/div>\n\t\t\t\t<\/div>\n\t\t\t\t\t\t<\/div>\n\t\t\t\t\t<\/div>\n\t\t<\/div>\n\t\t\t\t\t\t\t\t<\/div>\n\t\t\t\t\t<\/div>\n\t\t<\/section>\n\t\t\t\t<section class=\"elementor-section elementor-top-section elementor-element elementor-element-9449e82 elementor-section-boxed elementor-section-height-default elementor-section-height-default\" data-id=\"9449e82\" data-element_type=\"section\">\n\t\t\t\t\t\t<div class=\"elementor-container elementor-column-gap-default\">\n\t\t\t\t\t\t\t<div class=\"elementor-row\">\n\t\t\t\t\t<div class=\"elementor-column elementor-col-50 elementor-top-column elementor-element elementor-element-5a2795b\" data-id=\"5a2795b\" data-element_type=\"column\">\n\t\t\t<div class=\"elementor-column-wrap elementor-element-populated\">\n\t\t\t\t\t\t\t<div class=\"elementor-widget-wrap\">\n\t\t\t\t\t\t<div class=\"elementor-element elementor-element-f39ef74 elementor-widget elementor-widget-text-editor\" data-id=\"f39ef74\" data-element_type=\"widget\" data-widget_type=\"text-editor.default\">\n\t\t\t\t<div class=\"elementor-widget-container\">\n\t\t\t\t\t\t\t\t<div class=\"elementor-text-editor elementor-clearfix\">\n\t\t\t\t<p><strong><u>Rozvrh :<\/u><\/strong><\/p>\n<p><b>\u00dater\u00fd&nbsp; &nbsp;&nbsp;<\/b><\/p>\n<p><span style=\"color: #333399;\">18.30 &#8211; 20.00<\/span>&nbsp; &nbsp; &nbsp; &nbsp;<span style=\"font-size: 1rem;\">Sebeobrana pro ml\u00e1de\u017e a dosp\u011bl\u00e9<\/span><\/p>\n<p><b>\u010ctvrtek&nbsp;<\/b><\/p>\n<p><span style=\"color: #000080;\"><em>16.OO-16.5O<\/em>&nbsp; &nbsp; Bojov\u00e1 p<\/span>\u0159\u00edpravka<\/p>\n<p><span style=\"color: #000080;\"><em>17.OO-17.55&nbsp; &nbsp;<\/em><\/span>&nbsp;\u0160kol\u00e1ci<span style=\"font-size: 1rem;\">\u2013 za\u010d\u00e1te\u010dn\u00edci<\/span><\/p>\n<p><span style=\"font-size: 1rem;\"><em>18.00-18.55&nbsp;<\/em> &nbsp; &nbsp;Junio\u0159i (\u0161kol\u00e1ci pokro\u010dil\u00ed)<\/span><\/p>\n<p><span style=\"font-size: 1rem; color: #333399;\"><i>19.00-20.30<\/i><\/span><span style=\"font-size: 1rem;\">&nbsp; &nbsp; &nbsp; <\/span><span style=\"font-size: 1rem;\">Sebeobrana pro ml\u00e1de\u017e a dosp\u011bl\u00e9<\/span><\/p>\t\t\t\t\t<\/div>\n\t\t\t\t\t\t<\/div>\n\t\t\t\t<\/div>\n\t\t\t\t\t\t<\/div>\n\t\t\t\t\t<\/div>\n\t\t<\/div>\n\t\t\t\t<div class=\"elementor-column elementor-col-50 elementor-top-column elementor-element elementor-element-df6f669\" data-id=\"df6f669\" data-element_type=\"column\">\n\t\t\t<div class=\"elementor-column-wrap elementor-element-populated\">\n\t\t\t\t\t\t\t<div class=\"elementor-widget-wrap\">\n\t\t\t\t\t\t<div class=\"elementor-element elementor-element-56ee3f3 elementor-widget elementor-widget-text-editor\" data-id=\"56ee3f3\" data-element_type=\"widget\" data-widget_type=\"text-editor.default\">\n\t\t\t\t<div class=\"elementor-widget-container\">\n\t\t\t\t\t\t\t\t<div class=\"elementor-text-editor elementor-clearfix\">\n\t\t\t\t<p><strong>Kontakt:<\/strong><\/p><p>Michal Janou\u0161ek : tel 605130057<\/p><p>Tade\u00e1\u0161 \u010cernohous<\/p><p><b>\u00a0<\/b><\/p>\t\t\t\t\t<\/div>\n\t\t\t\t\t\t<\/div>\n\t\t\t\t<\/div>\n\t\t\t\t\t\t<\/div>\n\t\t\t\t\t<\/div>\n\t\t<\/div>\n\t\t\t\t\t\t\t\t<\/div>\n\t\t\t\t\t<\/div>\n\t\t<\/section>\n\t\t\t\t<section class=\"elementor-section elementor-top-section elementor-element elementor-element-7c26907 elementor-section-boxed elementor-section-height-default elementor-section-height-default\" data-id=\"7c26907\" data-element_type=\"section\">\n\t\t\t\t\t\t<div class=\"elementor-container elementor-column-gap-default\">\n\t\t\t\t\t\t\t<div class=\"elementor-row\">\n\t\t\t\t\t<div class=\"elementor-column elementor-col-100 elementor-top-column elementor-element elementor-element-d285cb3\" data-id=\"d285cb3\" data-element_type=\"column\">\n\t\t\t<div class=\"elementor-column-wrap elementor-element-populated\">\n\t\t\t\t\t\t\t<div class=\"elementor-widget-wrap\">\n\t\t\t\t\t\t<div class=\"elementor-element elementor-element-553219e elementor-arrows-position-inside elementor-pagination-position-outside elementor-widget elementor-widget-image-carousel\" data-id=\"553219e\" data-element_type=\"widget\" data-settings=\"{&quot;navigation&quot;:&quot;both&quot;,&quot;autoplay&quot;:&quot;yes&quot;,&quot;pause_on_hover&quot;:&quot;yes&quot;,&quot;pause_on_interaction&quot;:&quot;yes&quot;,&quot;autoplay_speed&quot;:5000,&quot;infinite&quot;:&quot;yes&quot;,&quot;speed&quot;:500}\" data-widget_type=\"image-carousel.default\">\n\t\t\t\t<div class=\"elementor-widget-container\">\n\t\t\t\t\t<div class=\"elementor-image-carousel-wrapper swiper-container\" dir=\"ltr\">\n\t\t\t<div class=\"elementor-image-carousel swiper-wrapper\">\n\t\t\t\t\t\t\t\t<div class=\"swiper-slide\"><figure class=\"swiper-slide-inner\"><img class=\"swiper-slide-image\" src=\"http:\/\/www.kapap-czech.cz\/wp-content\/uploads\/2019\/08\/DSC_0188-300x169.jpg\" alt=\"DSC_0188\" \/><\/figure><\/div><div class=\"swiper-slide\"><figure class=\"swiper-slide-inner\"><img class=\"swiper-slide-image\" src=\"http:\/\/www.kapap-czech.cz\/wp-content\/uploads\/2019\/08\/DSC_0390-300x169.jpg\" alt=\"DSC_0390\" \/><\/figure><\/div><div class=\"swiper-slide\"><figure class=\"swiper-slide-inner\"><img class=\"swiper-slide-image\" src=\"http:\/\/www.kapap-czech.cz\/wp-content\/uploads\/2019\/08\/DSC_1222-300x169.jpg\" alt=\"DSC_1222\" \/><\/figure><\/div><div class=\"swiper-slide\"><figure class=\"swiper-slide-inner\"><img class=\"swiper-slide-image\" src=\"http:\/\/www.kapap-czech.cz\/wp-content\/uploads\/2019\/08\/DSC_0370-300x169.jpg\" alt=\"DSC_0370\" \/><\/figure><\/div><div class=\"swiper-slide\"><figure class=\"swiper-slide-inner\"><img class=\"swiper-slide-image\" src=\"http:\/\/www.kapap-czech.cz\/wp-content\/uploads\/2019\/08\/DSC_0254-300x169.jpg\" alt=\"DSC_0254\" \/><\/figure><\/div><div class=\"swiper-slide\"><figure class=\"swiper-slide-inner\"><img class=\"swiper-slide-image\" src=\"http:\/\/www.kapap-czech.cz\/wp-content\/uploads\/2019\/08\/DSC_0431-300x169.jpg\" alt=\"DSC_0431\" \/><\/figure><\/div>\t\t\t<\/div>\n\t\t\t\t\t\t\t\t\t\t\t\t<div class=\"swiper-pagination\"><\/div>\n\t\t\t\t\t\t\t\t\t\t\t\t\t<div class=\"elementor-swiper-button elementor-swiper-button-prev\">\n\t\t\t\t\t\t<i aria-hidden=\"true\" class=\"eicon-chevron-left\"><\/i>\t\t\t\t\t\t<span class=\"elementor-screen-only\">P\u0159edchoz\u00ed<\/span>\n\t\t\t\t\t<\/div>\n\t\t\t\t\t<div class=\"elementor-swiper-button elementor-swiper-button-next\">\n\t\t\t\t\t\t<i aria-hidden=\"true\" class=\"eicon-chevron-right\"><\/i>\t\t\t\t\t\t<span class=\"elementor-screen-only\">Dal\u0161\u00ed<\/span>\n\t\t\t\t\t<\/div>\n\t\t\t\t\t\t\t\t\t<\/div>\n\t\t\t\t<\/div>\n\t\t\t\t<\/div>\n\t\t\t\t\t\t<\/div>\n\t\t\t\t\t<\/div>\n\t\t<\/div>\n\t\t\t\t\t\t\t\t<\/div>\n\t\t\t\t\t<\/div>\n\t\t<\/section>\n\t\t\t\t\t\t<\/div>\n\t\t\t\t\t\t<\/div>\n\t\t\t\t\t<\/div>\n\t\t","protected":false},"excerpt":{"rendered":"<p>P\u0159\u00edbram Sebeobrana pro p\u0159ed\u0161kol\u00e1ky, \u0161kol\u00e1ky, ml\u00e1de\u017e i dosp\u011bl\u00e9 Kurzy sebeobrany pro \u017eeny N\u00e1bor pro dosp\u011bl\u00e9 a ml\u00e1de\u017e 14+&nbsp;prob\u011bhne 16. z\u00e1\u0159\u00ed&nbsp;2025&nbsp; od 19.00&nbsp; \u2013 nov\u00e9 tv\u00e1\u0159e p\u0159ib\u00edr\u00e1me i pozd\u011bji b\u011bhem z\u00e1\u0159\u00ed&nbsp; (dle kapacity lekc\u00ed) N\u00e1bor pro d\u011bti&nbsp; prob\u011bhne&nbsp; 18. z\u00e1\u0159\u00ed 2025&nbsp; dle harmonogramu Bojov\u00e1 p\u0159\u00edpravka&nbsp;(4-7 let)&nbsp;&nbsp;&nbsp; &nbsp; &nbsp; &nbsp; &nbsp; &nbsp; &nbsp; &nbsp; &nbsp; &nbsp; &nbsp; &hellip; <\/p>\n<p class=\"link-more\"><a href=\"http:\/\/www.kapap-czech.cz\/?page_id=784\" class=\"more-link\">Pokra\u010dovat ve \u010dten\u00ed<span class=\"screen-reader-text\"> &#8222;P\u0159\u00edbram&#8220;<\/span><\/a><\/p>\n","protected":false},"author":1,"featured_media":0,"parent":0,"menu_order":0,"comment_status":"closed","ping_status":"closed","template":"elementor_header_footer","meta":[],"aioseo_notices":[],"_links":{"self":[{"href":"http:\/\/www.kapap-czech.cz\/index.php?rest_route=\/wp\/v2\/pages\/784"}],"collection":[{"href":"http:\/\/www.kapap-czech.cz\/index.php?rest_route=\/wp\/v2\/pages"}],"about":[{"href":"http:\/\/www.kapap-czech.cz\/index.php?rest_route=\/wp\/v2\/types\/page"}],"author":[{"embeddable":true,"href":"http:\/\/www.kapap-czech.cz\/index.php?rest_route=\/wp\/v2\/users\/1"}],"replies":[{"embeddable":true,"href":"http:\/\/www.kapap-czech.cz\/index.php?rest_route=%2Fwp%2Fv2%2Fcomments&post=784"}],"version-history":[{"count":40,"href":"http:\/\/www.kapap-czech.cz\/index.php?rest_route=\/wp\/v2\/pages\/784\/revisions"}],"predecessor-version":[{"id":4366,"href":"http:\/\/www.kapap-czech.cz\/index.php?rest_route=\/wp\/v2\/pages\/784\/revisions\/4366"}],"wp:attachment":[{"href":"http:\/\/www.kapap-czech.cz\/index.php?rest_route=%2Fwp%2Fv2%2Fmedia&parent=784"}],"curies":[{"name":"wp","href":"https:\/\/api.w.org\/{rel}","templated":true}]}}